{"id":9,"date":"2019-06-11T11:57:19","date_gmt":"2019-06-11T09:57:19","guid":{"rendered":"http:\/\/new.scalarchives.com\/?page_id=9"},"modified":"2026-04-22T14:55:08","modified_gmt":"2026-04-22T12:55:08","slug":"servizi","status":"publish","type":"page","link":"https:\/\/scalarchives.com\/it\/servizi\/","title":{"rendered":"Servizi"},"content":{"rendered":"\n<div id=\"consulenza-diritto-autore\"><\/div>\n\n\n\n<h3 class=\"wp-block-heading\">Consulenza diritto d&#8217;autore e copyright<\/h3>\n\n\n\n<p>In pi\u00f9 di 60 anni di attivit\u00e0 SCALA ha maturato una&nbsp;competenza unica sul tema dei diritti fotografici e di riproduzione, dei diritti d\u2019autore, di personalit\u00e0, di terzi e derivati. Oltre a diritti fotografici garantiti,&nbsp;\u00e8 possibile ottenere aiuto nel valutare eventuali rischi iconografici relativi al progetto che stai sviluppando.<\/p>\n\n\n\n<div id=\"ricerca-iconografica\"><\/div>\n\n\n<div class=\"custom_block block_title_text_single-photo light\" style=\"background-image: url('https:\/\/scalarchives.com\/wp-content\/uploads\/2023\/10\/Progetto-senza-titolo-5.png')\">\n  <div class=\"wrapper\">\n    <div class=\"block_col1\">\n      <div class=\"red_title section_title\">Ricerca &amp; Acquisizioni personalizzate<\/div>\n      <div class=\"block_ttsp_text \"><p>Non trovi l\u2019immagine o il footage giusto per il tuo progetto? Chiedi che venga fatta la ricerca per te!<br \/>\nRicercatori iconografici esperti, veloci, e consapevoli dell\u2019importanza dei vari contesti storico-artistici e letterari saranno disponibili ed in grado di proporre solo immagini che siano appropriate ai tuoi progetti.<br \/>\nNon trovi i contenuti che cercavi? Hai fretta? Chiedi del servizio di Content Location. Grazie alle tante relazioni costruite nel tempo contenuti off line \u00e8 possibile rintracciare velocemente contenuti e licenze.<\/p>\n<\/div>\n      <a style=\"font-size: 20px;\" class=\"red_link\" href=\"https:\/\/scalarchives.com\/it\/picture-search-requests\/\">Puoi fare la tua richiesta qui<\/a>\n          <\/div>\n    <div class=\"block_col2\">\n      <div class=\"block_ttsp_photo\">\n        <img decoding=\"async\" src=\"https:\/\/scalarchives.com\/wp-content\/uploads\/2020\/06\/ricerca-e1604420785301.jpg\"\/>\n      <\/div>\n    <\/div>\n  <\/div>\n<\/div>\n\n\n<div id=\"digitalizzazione\"><\/div>\n\n\n\n<h3 class=\"wp-block-heading\">Digitalizzazione<\/h3>\n\n\n\n<p>Il laboratorio fotografico \u00e8 dotato dei pi\u00f9 moderni sistemi informatici per lo sviluppo, la duplicazione, la correzione e il restauro di trasparenze e file immagine.<br>\u00c9 quindi disponibile l&#8217;assistenza anche a collezioni che non sono state completamente digitalizzate. Da anni vengono gestite in modo professionale collezioni in tutto il mondo, partendo dalla scansione di altissima qualit\u00e0 alla catalogazione e traduzione delle didascalie.<\/p>\n\n\n\n<div id=\"campagne-fotografiche\"><\/div>\n\n\n<div class=\"custom_block block_title_text_single-photo light\" style=\"background-image: url('https:\/\/scalarchives.com\/wp-content\/uploads\/2023\/10\/Progetto-senza-titolo-5-1.png')\">\n  <div class=\"wrapper\">\n    <div class=\"block_col1\">\n      <div class=\"red_title section_title\">Campagne fotografiche &amp; Laboratorio<\/div>\n      <div class=\"block_ttsp_text \"><p>SCALA ha  fotografi in house con i quali fin dall&#8217;esordio collabora e organizza regolari campagne fotografiche, oggi realizzate  con dorso digitale in altissima risoluzione e secondo le nuove tecnologie. L\u2019attenta preservazione dell\u2019archivio dei fotocolor (principalmente 13\u00d718 cm e 20\u00d725 cm) permette la realizzazione di ingrandimenti di ottima qualit\u00e0 per la stampa di gigantografie e dei capolavori dell\u2019arte in scala 1:1. <\/p>\n<\/div>\n      <a style=\"font-size: 20px;\" class=\"red_link\" href=\"https:\/\/scalarchives.com\/it\/la-differenza-e-nei-dettagli\/\">LA DIFFERENZA \u00c8 NEI DETTAGLI!<\/a>\n          <\/div>\n    <div class=\"block_col2\">\n      <div class=\"block_ttsp_photo\">\n        <img decoding=\"async\" src=\"https:\/\/scalarchives.com\/wp-content\/uploads\/2021\/04\/scala-old-photo-shoot-2.jpg\"\/>\n      <\/div>\n    <\/div>\n  <\/div>\n<\/div>\n\n\n<div id=\"book-licensing-packaging\"><\/div>\n\n\n\n<h3 class=\"wp-block-heading\">Book licensing e packaging<\/h3>\n\n\n\n<p>Oltre ad immagini, footage e audio clips dall\u2019archivio, SCALA pu\u00f2 fornire licenze per svariate centinaia di testi. Infatti, SCALA ha un ramo aziendale che si occupa di editoria con un <a aria-label=\"catalogo di titoli in decine di lingue (apre in una nuova scheda)\" class=\"rank-math-link\" href=\"\/wp-content\/uploads\/2020\/09\/scala-books-catalogo-2019.pdf\" target=\"_blank\" rel=\"noreferrer noopener\">catalogo di titoli in decine di lingue<\/a>. \u00c9 quindi possibile ottenere la licenza per stampare e distribuire libri che <a href=\"mailto:scala@scalagroup.com\">SCALA Books<\/a> ha gi\u00e0 creato, o, in alternativa, \u00e8 possibile chiedere ad esperti editors e grafici, di creare un libro ad hoc. Assistenza \u00e8 disponibile per qualsiasi aspetto; dalla selezione di autori e di immagini, alla preparazione grafica ed impaginazione, e infine anche alla stampa. Un servizio solo di licensing di libri gi\u00e0 esistenti o di creazione di libri ex novo con e per te.<\/p>\n\n\n\n<div id=\"ricorrenze-anniversari\"><\/div>\n\n\n<div class=\"custom_block block_title_text_single-photo light\" style=\"background-image: url('https:\/\/scalarchives.com\/wp-content\/uploads\/2023\/10\/Progetto-senza-titolo-5-1.png')\">\n  <div class=\"wrapper\">\n    <div class=\"block_col1\">\n      <div class=\"red_title section_title\">Anniversari e Artisti fuori diritto d\u2019autore<\/div>\n      <div class=\"block_ttsp_text \"><p>Vuoi scoprire tutti gli anniversari e gli artisti che andranno fuori diritto d\u2019autore nei prossimi anni? <\/p>\n<p>Ecco una selezione di anniversari, ricorrenze e l\u2019elenco degli artisti fuori diritto d\u2019autore per i prossimi anni.<\/p>\n<\/div>\n      <a style=\"font-size: 20px;\" class=\"red_link\" href=\"\/anniversari-e-eventi\">Anniversari<\/a>\n              <a style=\"font-size: 20px; margin-left: 24px;\" class=\"red_link\" style=\"margin-left: 16px;\" href=\"\/artisti-fuori-diritto\">Artisti fuori diritto d&#8217;autore<\/a>\n          <\/div>\n    <div class=\"block_col2\">\n      <div class=\"block_ttsp_photo\">\n        <img decoding=\"async\" src=\"https:\/\/scalarchives.com\/wp-content\/uploads\/2020\/06\/anniversary-e1604420756278.jpg\"\/>\n      <\/div>\n    <\/div>\n  <\/div>\n<\/div>","protected":false},"excerpt":{"rendered":"<p>Consulenza diritto d&#8217;autore e copyright In pi\u00f9 di 60 anni di attivit\u00e0 SCALA ha maturato una&nbsp;competenza unica sul tema dei diritti fotografici e di riproduzione, dei diritti d\u2019autore, di personalit\u00e0, di terzi e derivati. Oltre a diritti fotografici garantiti,&nbsp;\u00e8 possibile ottenere aiuto nel valutare eventuali rischi iconografici relativi al progetto che stai sviluppando. Digitalizzazione Il [&hellip;]<\/p>\n","protected":false},"author":1,"featured_media":16637,"parent":0,"menu_order":0,"comment_status":"closed","ping_status":"closed","template":"","meta":{"_acf_changed":false,"footnotes":""},"class_list":["post-9","page","type-page","status-publish","has-post-thumbnail","hentry"],"acf":[],"_links":{"self":[{"href":"https:\/\/scalarchives.com\/it\/wp-json\/wp\/v2\/pages\/9","targetHints":{"allow":["GET"]}}],"collection":[{"href":"https:\/\/scalarchives.com\/it\/wp-json\/wp\/v2\/pages"}],"about":[{"href":"https:\/\/scalarchives.com\/it\/wp-json\/wp\/v2\/types\/page"}],"author":[{"embeddable":true,"href":"https:\/\/scalarchives.com\/it\/wp-json\/wp\/v2\/users\/1"}],"replies":[{"embeddable":true,"href":"https:\/\/scalarchives.com\/it\/wp-json\/wp\/v2\/comments?post=9"}],"version-history":[{"count":52,"href":"https:\/\/scalarchives.com\/it\/wp-json\/wp\/v2\/pages\/9\/revisions"}],"predecessor-version":[{"id":34832,"href":"https:\/\/scalarchives.com\/it\/wp-json\/wp\/v2\/pages\/9\/revisions\/34832"}],"wp:featuredmedia":[{"embeddable":true,"href":"https:\/\/scalarchives.com\/it\/wp-json\/wp\/v2\/media\/16637"}],"wp:attachment":[{"href":"https:\/\/scalarchives.com\/it\/wp-json\/wp\/v2\/media?parent=9"}],"curies":[{"name":"wp","href":"https:\/\/api.w.org\/{rel}","templated":true}]}}