{"id":7509,"date":"2021-03-01T10:10:51","date_gmt":"2021-03-01T09:10:51","guid":{"rendered":"http:\/\/new.scalarchives.com\/?page_id=7509"},"modified":"2024-07-23T13:00:59","modified_gmt":"2024-07-23T11:00:59","slug":"pubblicita","status":"publish","type":"page","link":"https:\/\/scalarchives.com\/it\/pubblicita\/","title":{"rendered":"Pubblicit\u00e0"},"content":{"rendered":"\n<p>L\u2019immagine giusta vale pi\u00f9 di mille parole. Le immagini SCALA vengono utilizzate per vari tipi di pubblicit\u00e0: campagne di grande formato con cartellonistica e affissioni, campagne stampa sui giornali, spot televisivi e social media. Come puoi vedere da alcuni esempi qui sotto, le nostre immagini sono state utilizzate nella loro interezza o addirittura animate \u2026l\u2019unico limite \u00e8 la fantasia!<\/p>\n\n\n\n<article class=\"product\">\n    <div class=\"product__inner\">\n        <div class=\"product__media\">\n                                                    <div class=\"product__thumb\">\n                    <img decoding=\"async\" src=\"https:\/\/scalarchives.com\/wp-content\/uploads\/2024\/07\/AMORI_rev6-1-1.jpg\" alt=\"Immagini di opere d'arte per la collana editoriale \"Amori Mitici\"\" \/>\n                <\/div>\n                    <\/div>\n        <div class=\"product__content\">\n            <h3 class=\"product__title\">\n                Immagini di opere d&#8217;arte per la collana editoriale &#8220;Amori Mitici&#8221;            <\/h3>\n            <p class=\"product__description\">\n                <p>La nuova collana inedita del Corriere della Sera scritta da esperti e studiosi e dedicata all&#8217;antichit\u00e0, ai miti e all&#8217;eroismo utilizza immagini di opere d&#8217;arte licenziate da Scala per la campagna pubblicitaria su carta e video.<\/p>\n            <\/p>\n        <\/div>\n    <\/div>\n<\/article>\n\n\n<article class=\"product\">\n    <div class=\"product__inner\">\n        <div class=\"product__media\">\n                                                    <div class=\"product__thumb\">\n                    <img decoding=\"async\" src=\"https:\/\/scalarchives.com\/wp-content\/uploads\/2023\/07\/Fondazione-Ant_Monnalisa-calva.jpg\" alt=\"Immagini d'arte per una campagna sociale \" \/>\n                <\/div>\n                    <\/div>\n        <div class=\"product__content\">\n            <h3 class=\"product__title\">\n                Immagini d&#8217;arte per una campagna sociale             <\/h3>\n            <p class=\"product__description\">\n                <p>Dopo 10 anni dal lancio di questa famosa campagna, che ha rivoluzionato i canoni di rappresentazione della malattia, la fondazione ANT ha rinnovato la licenza per la riproduzione del capolavoro di Leonardo Da Vinci tramite Scala e R\u00e9union des Mus\u00e9es Nationaux e rilanciato la campagna in occasione della raccolta fondi del 5&#215;1000.<\/p>\n            <\/p>\n        <\/div>\n    <\/div>\n<\/article>\n\n\n<article class=\"product\">\n    <div class=\"product__inner\">\n        <div class=\"product__media\">\n                                        <div class=\"product__video\">\n                    <div class=\"product__video__inner\">\n                        <iframe loading=\"lazy\" width=\"560\" height=\"315\" src=\"https:\/\/www.youtube.com\/embed\/bZmEj-6Jpcw\" title=\"YouTube video player\" frameborder=\"0\" allow=\"accelerometer; autoplay; clipboard-write; encrypted-media; gyroscope; picture-in-picture\" allowfullscreen><\/iframe>                    <\/div>\n                <\/div>\n                                <\/div>\n        <div class=\"product__content\">\n            <h3 class=\"product__title\">\n                Le giuste immagini abbinate all&#8217; ironia: una formula vincente            <\/h3>\n            <p class=\"product__description\">\n                <p>Gli spot efficaci sono quelli che hanno un messaggio chiaro e che rimane impresso nella mente. Fin dalla prima immagine e frase ironica lo spot cattura l&#8217;attenzione e rende chiaro il messaggio. <\/p>\n            <\/p>\n        <\/div>\n    <\/div>\n<\/article>\n\n\n<article class=\"product\">\n    <div class=\"product__inner\">\n        <div class=\"product__media\">\n                                        <div class=\"product__video\">\n                    <div class=\"product__video__inner\">\n                        <iframe loading=\"lazy\" width=\"560\" height=\"315\" src=\"https:\/\/www.youtube.com\/embed\/Hxe76B21nko\" frameborder=\"0\" allow=\"accelerometer; autoplay; clipboard-write; encrypted-media; gyroscope; picture-in-picture\" allowfullscreen><\/iframe>                    <\/div>\n                <\/div>\n                                <\/div>\n        <div class=\"product__content\">\n            <h3 class=\"product__title\">\n                Le immagini prendono vita&#8230;            <\/h3>\n            <p class=\"product__description\">\n                <p>L&#8217;acqua \u00e8 vita. In questo video spot molte delle nostre immagini sono state animate e prendono vita per raccontare la storia di Dorna.<\/p>\n            <\/p>\n        <\/div>\n    <\/div>\n<\/article>\n\n\n<article class=\"product\">\n    <div class=\"product__inner\">\n        <div class=\"product__media\">\n                                                    <div class=\"product__thumb\">\n                    <img decoding=\"async\" src=\"https:\/\/scalarchives.com\/wp-content\/uploads\/2021\/03\/Esselunga-1.jpg\" alt=\"Cartelloni pubblicitari in movimento\" \/>\n                <\/div>\n                    <\/div>\n        <div class=\"product__content\">\n            <h3 class=\"product__title\">\n                Cartelloni pubblicitari in movimento            <\/h3>\n            <p class=\"product__description\">\n                <p>Le grandi campagne pubblicitarie su autobus o vagoni della metropolitana, che raggiungono migliaia di persone ogni giorno, sono ormai la norma. Le immagini di SCALA sono state utilizzate per molti di questi cartelloni promozionali in movimento che pubblicizzano di tutto, dalle mostre, alle catene di supermercati &#8211; come quella qui sotto &#8211; ai libri di autori di fama nazionale!<\/p>\n            <\/p>\n        <\/div>\n    <\/div>\n<\/article>\n\n\n<article class=\"product\">\n    <div class=\"product__inner\">\n        <div class=\"product__media\">\n                                                    <div class=\"product__thumb\">\n                    <img decoding=\"async\" src=\"https:\/\/scalarchives.com\/wp-content\/uploads\/2021\/03\/Gucci.jpg\" alt=\"Blog, annunci online e presenza sul sito web\" \/>\n                <\/div>\n                    <\/div>\n        <div class=\"product__content\">\n            <h3 class=\"product__title\">\n                Blog, annunci online e presenza sul sito web            <\/h3>\n            <p class=\"product__description\">\n                <p>Anche i pi\u00f9 esigenti ed eleganti hanno trovato in SCALA una sorgente coerente di contenuti con un&#8217;ampia scelta di immagini di alta qualit\u00e0 tra cui scegliere.<\/p>\n            <\/p>\n        <\/div>\n    <\/div>\n<\/article>\n\n\n<article class=\"product\">\n    <div class=\"product__inner\">\n        <div class=\"product__media\">\n                                                    <div class=\"product__thumb\">\n                    <img decoding=\"async\" src=\"https:\/\/scalarchives.com\/wp-content\/uploads\/2021\/03\/Citroen-2.jpg\" alt=\"Umorismo cattura attenzione\" \/>\n                <\/div>\n                    <\/div>\n        <div class=\"product__content\">\n            <h3 class=\"product__title\">\n                Umorismo cattura attenzione            <\/h3>\n            <p class=\"product__description\">\n                <p>Lo storico dell&#8217;arte e personaggio politico italiano Vittorio Sgarbi ha preso parte a una parodia umoristica. Ha affermato di aver chiesto la Gioconda e di averla presa e portata in Italia. Lo slancio sui canali social \u00e8 stato enorme.<br \/>\nSi \u00e8 scoperto che la Gioconda era il nome del nuovo modello Citro\u00ebn&#8230;<\/p>\n            <\/p>\n        <\/div>\n    <\/div>\n<\/article>\n\n\n<article class=\"product\">\n    <div class=\"product__inner\">\n        <div class=\"product__media\">\n                                                    <div class=\"product__thumb\">\n                    <img decoding=\"async\" src=\"https:\/\/scalarchives.com\/wp-content\/uploads\/2021\/03\/chebanca-cezanne.jpg\" alt=\"Social media: un bisogno infinito di contenuti\" \/>\n                <\/div>\n                    <\/div>\n        <div class=\"product__content\">\n            <h3 class=\"product__title\">\n                Social media: un bisogno infinito di contenuti            <\/h3>\n            <p class=\"product__description\">\n                <p>Per essere efficaci, i social media hanno bisogno di un feed infinito di contenuti di alta qualit\u00e0 vari ma sempre visivamente impressionanti. Essere in grado di scegliere tra i 3,5 milioni di immagini di SCALA disponibili online pi\u00f9 altrettante offline aiuta.<\/p>\n            <\/p>\n        <\/div>\n    <\/div>\n<\/article>\n\n\n<article class=\"product\">\n    <div class=\"product__inner\">\n        <div class=\"product__media\">\n                                                    <div class=\"product__thumb\">\n                    <img decoding=\"async\" src=\"https:\/\/scalarchives.com\/wp-content\/uploads\/2021\/03\/Chebanca-1.jpg\" alt=\"Mente creativa + l'immagine giusta = mille parole\" \/>\n                <\/div>\n                    <\/div>\n        <div class=\"product__content\">\n            <h3 class=\"product__title\">\n                Mente creativa + l&#8217;immagine giusta = mille parole            <\/h3>\n            <p class=\"product__description\">\n                <p>I clienti di oggi sono pi\u00f9 digitali, hanno meno tempo e meno attenzione. Gli annunci tradizionali devono essere incisivi. Il vecchio detto &#8220;un&#8217;immagine vale pi\u00f9 di mille parole&#8221; \u00e8 ancora pi\u00f9 pertinente e l&#8217;immagine giusta \u00e8 ancora pi\u00f9 necessaria.<\/p>\n            <\/p>\n        <\/div>\n    <\/div>\n<\/article>\n\n\n<article class=\"product\">\n    <div class=\"product__inner\">\n        <div class=\"product__media\">\n                                                    <div class=\"product__thumb\">\n                    <img decoding=\"async\" src=\"https:\/\/scalarchives.com\/wp-content\/uploads\/2021\/03\/ZDF.jpg\" alt=\"Broadcasting\" \/>\n                <\/div>\n                    <\/div>\n        <div class=\"product__content\">\n            <h3 class=\"product__title\">\n                Broadcasting            <\/h3>\n            <p class=\"product__description\">\n                <p>L&#8217;emittente televisiva nazionale tedesca ZDF, ad esempio, ha utilizzato molte immagini in concomitanza con il loro programma &#8220;I tedeschi &#8211; Chi eravamo, chi siamo&#8221;. Ecco un esempio di come con l&#8217;umorismo e combinazioni visive insolite rendono il messaggio pi\u00f9 forte e facilmente ricordabile.<\/p>\n            <\/p>\n        <\/div>\n    <\/div>\n<\/article>\n\n\n<article class=\"product\">\n    <div class=\"product__inner\">\n        <div class=\"product__media\">\n                                                    <div class=\"product__thumb\">\n                    <img decoding=\"async\" src=\"https:\/\/scalarchives.com\/wp-content\/uploads\/2021\/03\/ENEL.jpg\" alt=\"Uno scatto insolito di un'immagine iconica: scintille per la creativit\u00e0\" \/>\n                <\/div>\n                    <\/div>\n        <div class=\"product__content\">\n            <h3 class=\"product__title\">\n                Uno scatto insolito di un&#8217;immagine iconica: scintille per la creativit\u00e0            <\/h3>\n            <p class=\"product__description\">\n                <p>Quando un&#8217;immagine ben nota viene presentata in un modo insolito, pu\u00f2 essere molto potente. Ci fa fermare e cattura la nostra attenzione. In questo caso l&#8217;immagine di SCALA scattata con una luce insolita \u00e8 stata utilizzata dal Servizio Elettrico Nazionale.<\/p>\n            <\/p>\n        <\/div>\n    <\/div>\n<\/article>","protected":false},"excerpt":{"rendered":"<p>L\u2019immagine giusta vale pi\u00f9 di mille parole. Le immagini SCALA vengono utilizzate per vari tipi di pubblicit\u00e0: campagne di grande formato con cartellonistica e affissioni, campagne stampa sui giornali, spot televisivi e social media. Come puoi vedere da alcuni esempi qui sotto, le nostre immagini sono state utilizzate nella loro interezza o addirittura animate \u2026l\u2019unico [&hellip;]<\/p>\n","protected":false},"author":3,"featured_media":7557,"parent":0,"menu_order":0,"comment_status":"closed","ping_status":"closed","template":"","meta":{"_acf_changed":false,"footnotes":""},"class_list":["post-7509","page","type-page","status-publish","has-post-thumbnail","hentry"],"acf":[],"_links":{"self":[{"href":"https:\/\/scalarchives.com\/it\/wp-json\/wp\/v2\/pages\/7509","targetHints":{"allow":["GET"]}}],"collection":[{"href":"https:\/\/scalarchives.com\/it\/wp-json\/wp\/v2\/pages"}],"about":[{"href":"https:\/\/scalarchives.com\/it\/wp-json\/wp\/v2\/types\/page"}],"author":[{"embeddable":true,"href":"https:\/\/scalarchives.com\/it\/wp-json\/wp\/v2\/users\/3"}],"replies":[{"embeddable":true,"href":"https:\/\/scalarchives.com\/it\/wp-json\/wp\/v2\/comments?post=7509"}],"version-history":[{"count":25,"href":"https:\/\/scalarchives.com\/it\/wp-json\/wp\/v2\/pages\/7509\/revisions"}],"predecessor-version":[{"id":30464,"href":"https:\/\/scalarchives.com\/it\/wp-json\/wp\/v2\/pages\/7509\/revisions\/30464"}],"wp:featuredmedia":[{"embeddable":true,"href":"https:\/\/scalarchives.com\/it\/wp-json\/wp\/v2\/media\/7557"}],"wp:attachment":[{"href":"https:\/\/scalarchives.com\/it\/wp-json\/wp\/v2\/media?parent=7509"}],"curies":[{"name":"wp","href":"https:\/\/api.w.org\/{rel}","templated":true}]}}