{"id":7,"date":"2019-06-11T11:57:09","date_gmt":"2019-06-11T09:57:09","guid":{"rendered":"http:\/\/new.scalarchives.com\/?page_id=7"},"modified":"2026-04-13T16:13:19","modified_gmt":"2026-04-13T14:13:19","slug":"chi-siamo","status":"publish","type":"page","link":"https:\/\/scalarchives.com\/it\/chi-siamo\/","title":{"rendered":"Chi \u00e8 Scala"},"content":{"rendered":"\n<p>SCALA \u00e8 la pi\u00f9 importante e completa raccolta di immagini e contenuti audio-video di arte, storia, cinema, design, fotografia, moda, costume e molto altro ancora. Oltre 3,5 milioni di immagini, footage, video e audio clip provenienti da tutto il mondo e da tutte le epoche.<\/p>\n\n\n\n<article class=\"product\">\n    <div class=\"product__inner\">\n        <div class=\"product__media\">\n                                                    <div class=\"product__thumb\">\n                    <img decoding=\"async\" src=\"https:\/\/scalarchives.com\/wp-content\/uploads\/2021\/04\/scala-old-photo-shoot-2.jpg\" alt=\"\" \/>\n                <\/div>\n                    <\/div>\n        <div class=\"product__content\">\n            <h3 class=\"product__title\">\n                            <\/h3>\n            <p class=\"product__description\">\n                <p>SCALA Istituto Fotografico Editoriale nasce a Firenze nel 1953, fondato da due giovani studenti di storia dell\u2019arte con la passione per la fotografia, John Clark e Mario Ronchetti, incoraggiati e sostenuti dal loro celebre professore Roberto Longhi. L\u2019idea innovativa di Longhi fu quella di fotografare professionalmente le opere d\u2019arte, inclusa l\u2019architettura, per la prima volta a colori, e mettere tali immagini a disposizione del mondo editoriale per favorire lo studio delle opere d\u2019arte.<br \/>\nPoco dopo alla fotografia a colori di alta qualit\u00e0 Scala aggiunse anche testi di eminenti storici dell\u2019arte e pubblic\u00f2 una serie di monografie d\u2019artista in varie lingue. Nacque cos\u00ec SCALA \u2013 Istituto Fotografico Editoriale.<\/p>\n            <\/p>\n        <\/div>\n    <\/div>\n<\/article>\n\n<div class=\"custom_block block_title_text_single-photo \" style=\"background-image: url('https:\/\/scalarchives.com\/wp-content\/uploads\/2020\/06\/kodak-1.jpg')\">\n  <div class=\"wrapper\">\n    <div class=\"block_col1\">\n      <div class=\"red_title section_title\"><\/div>\n      <div class=\"block_ttsp_text italic_text\"><p>All\u2019epoca le trasparenze non erano stabili e furono adottati diversi metodi per tenere traccia di possibili alterazioni cromatiche delle riprese fotografiche. Tra questi il \u200b\u200bmetodo pi\u00f9 diffuso era l\u2019impiego delle scale colore e delle scale di grigio \u2013 le Kodak Color Control Patches \u2013 che venivano affiancate all\u2019opera da fotografare e formavano una guida cromatica standardizzata di riferimento per valutare le variazioni dei colori nel tempo. Ancora oggi, quando vengono rilevate variazioni, i tecnici del laboratorio fotografico interno di SCALA ripristinano abilmente lucidi e pellicole. Il laboratorio di Scala \u00e8 ancora oggi considerato tra i pi\u00f9 prestigiosi per la gestione dei fotocolor.<\/p>\n<p>La scelta del nome dell\u2019azienda \u00e8 in riferimento a questa sistematica adozione della scala cromatica.<\/p>\n<\/div>\n      <a style=\"font-size: 20px;\" class=\"red_link\" href=\"\"><\/a>\n          <\/div>\n    <div class=\"block_col2\">\n      <div class=\"block_ttsp_photo\">\n        <img decoding=\"async\" src=\"https:\/\/scalarchives.com\/wp-content\/uploads\/2021\/04\/fotocolor-rosso-e-non-immagine-da-vecchia-brochure-scala-1.jpg\"\/>\n      <\/div>\n    <\/div>\n  <\/div>\n<\/div>\n\n<div class=\"custom_block block_titletext-inline\">\n  <div class=\"wrapper\">\n    <div class=\"red_title section_title\">La fedelt\u00e0 delle immagini<\/div>\n    <div class=\"block_tti_text\"><p>Ancora oggi,  a differenza della maggior parte degli archivi che alterano intenzionalmente i file delle loro immagine per rendere i colori pi\u00f9 vividi o gradevoli, ma allo stesso tempo lontani dalle opere d&#8217;arte originali, SCALA rimane fedele alle sue radici e continua a concentrarsi sulla fornitura non solo di file di altissima qualit\u00e0 ma anche il pi\u00f9 fedeli possibile all&#8217;originale.<br \/>\nQuesta passione e professionalit\u00e0, rimasta costante nel corso dei decenni, ha attratto innumerevoli tra i pi\u00f9 prestigiosi musei del mondo che hanno scelto SCALA per la gestione dei diritti e della riproduzione delle loro collezioni.<\/p>\n<\/div>\n  <\/div>\n<\/div>\n\n<div class=\"custom_block block_title_text_single-photo light\" style=\"background-image: url('https:\/\/scalarchives.com\/wp-content\/uploads\/2019\/10\/0121475D-01.jpeg')\">\n  <div class=\"wrapper\">\n    <div class=\"block_col1\">\n      <div class=\"red_title section_title\">Collezioni d&#8217;arte da tutto il mondo<\/div>\n      <div class=\"block_ttsp_text \"><p>L\u2019arte italiana e quella europea rappresentano il nucleo originale realizzato dai fotografi SCALA. Negli ultimi decenni l&#8217;archivio \u00e8 cresciuto, allargandosi oltre i confini nazionali ed europei per rendere accessibili i capolavori appartenenti alle collezioni pi\u00f9 famose del mondo provenienti dagli Stati Uniti, dalla Russia, dal Medio ed Estremo Oriente e dall\u2019Africa.<br \/>\nCollezioni prestigiose hanno selezionato SCALA come loro agente e rappresentante esclusivo nel mondo, tra cui The Museum of Modern Art (MoMA) e il Whitney Museum of American Art di New York; il Center for Creative Photography di Tucson, in Arizona; e il Museo Thyssen-Bornemisza di Madrid.<\/p>\n<p>In esclusiva per l&#8217;Italia e il Regno Unito, R\u00e9union des Mus\u00e9es Nationaux- Grand Palais (RMN) ha affidato a Scala la gestione della propria collezione. RMN (l&#8217;agenzia fotografica del Ministero della Cultura francese) gestisce tutti i musei nazionali e regionali francesi, da quelli pi\u00f9 famosi come il Louvre, il Centre Pompidou, il Mus\u00e9e d&#8217;Orsay, l&#8217;Orangerie e il Mus\u00e9e Picasso, a quelli meno noti ma ugualmente straordinari come il Museo Nazionale della Ceramica di S\u00e8vres o il Museo del Tessuto di Mulhouse.<\/p>\n<p><a href=\"\/it\/museums\/\">Scopri di pi\u00f9 e guarda la lista dei principali musei nel nostro archivio<\/a><\/p>\n<\/div>\n      <a style=\"font-size: 20px;\" class=\"red_link\" href=\"\"><\/a>\n          <\/div>\n    <div class=\"block_col2\">\n      <div class=\"block_ttsp_photo\">\n        <img decoding=\"async\" src=\"https:\/\/scalarchives.com\/wp-content\/uploads\/2019\/10\/0130131D-02.jpg\"\/>\n      <\/div>\n    <\/div>\n  <\/div>\n<\/div>\n\n<div class=\"custom_block block_title_text_gallery\" style=\"background-image: url('')\">\n  <div class=\"wrapper\">\n    <div class=\"block_col1\">\n      <div class=\"red_title section_title\">NON solo Arte!<\/div>\n      <div class=\"block_ttg_text\"><p>Attraverso l&#8217;archivio SCALA \u00e8 possibile accedere a una straordinaria collezione di immagini: storia, cinema, fotografia, design, moda, costume, societ\u00e0, scienze, sport ma anche poster, disegni, bozzetti, ricostruzioni grafiche, modelli 3D e molto altro ancora.<br \/>\nDal 2010 SCALA rappresenta tutto il patrimonio fotografico dell\u2019archivio Cinecitt\u00e0 Luce, un tesoro di milioni di immagini che formano una documentazione eccezionale su tutto il Novecento italiano dal 1919 fino al 1965. Con l\u2019aggiunta degli archivi Dufoto e AGF l\u2019archivio SCALA offre una ricca documentazione del XX secolo, fino ai giorni nostri.<br \/>\nCollaborazioni durature &#8211; sia in Italia sia all\u2019estero con archivi del calibro di ArtResource, Album, BPK, Imagno e la gestione diretta di New Picture Library (ex DeAgostini Picture Library) &#8211; ci consentono di offrire contenuti su tantissimi temi, generi e epoche. Tutti i temi sono aggiornati e arricchiti da nuovi contenuti quotidianamente.<\/p>\n<p>I <a href=\"\/servizi\">servizi<\/a>, l\u2019esperienza, la variet\u00e0 e qualit\u00e0 dei contenuti rendono SCALA unica sia come fonte iconografica che come intermediario tra musei\/aventi diritto e clienti.<\/p>\n<\/div>\n    <\/div>\n    <div class=\"block_col2\">\n      <div class=\"block_ttg_squares_gallery\">\n                  <img decoding=\"async\" src=\"https:\/\/scalarchives.com\/wp-content\/uploads\/2021\/04\/ME07159-Salvatore-Ferragamo.jpg\"\/>\n                          <img decoding=\"async\" src=\"https:\/\/scalarchives.com\/wp-content\/uploads\/2019\/10\/X011712M-02.jpeg\"\/>\n                          <img decoding=\"async\" src=\"https:\/\/scalarchives.com\/wp-content\/uploads\/2019\/10\/AA02087D-02.jpeg\"\/>\n                          <img decoding=\"async\" src=\"https:\/\/scalarchives.com\/wp-content\/uploads\/2019\/10\/0133902D-02.jpeg\"\/>\n                          <img decoding=\"async\" src=\"https:\/\/scalarchives.com\/wp-content\/uploads\/2021\/05\/PC42205.jpg\"\/>\n                          <img decoding=\"async\" src=\"https:\/\/scalarchives.com\/wp-content\/uploads\/2021\/04\/B030628-Leni-Riefenstahl.jpg\"\/>\n              <\/div>\n    <\/div>\n  <\/div>\n<\/div>\n\n<div class=\"custom_block block_title_text_single-photo light\" style=\"background-image: url('https:\/\/scalarchives.com\/wp-content\/uploads\/2020\/06\/Z067385D-2.jpg')\">\n  <div class=\"wrapper\">\n    <div class=\"block_col1\">\n      <div class=\"red_title section_title\">SCALA &#8211; Le persone<\/div>\n      <div class=\"block_ttsp_text \"><p>Dietro i contenuti  SCALA ci sono le persone.<br \/>\nUna squadra di ricercatori esperti e multilingue, di tecnici del laboratorio fotografico, di consulenti IT e marketing che mettono a disposizione le proprie competenze per soddisfare al meglio qualsiasi esigenza.<\/p>\n<\/div>\n      <a style=\"font-size: 20px;\" class=\"red_link\" href=\"\/team\">Scopri il team<\/a>\n          <\/div>\n    <div class=\"block_col2\">\n      <div class=\"block_ttsp_photo\">\n        <img decoding=\"async\" src=\"https:\/\/scalarchives.com\/wp-content\/uploads\/2020\/06\/0161590D-1-e1604420877339.jpg\"\/>\n      <\/div>\n    <\/div>\n  <\/div>\n<\/div>","protected":false},"excerpt":{"rendered":"<p>SCALA \u00e8 la pi\u00f9 importante e completa raccolta di immagini e contenuti audio-video di arte, storia, cinema, design, fotografia, moda, costume e molto altro ancora. Oltre 3,5 milioni di immagini, footage, video e audio clip provenienti da tutto il mondo e da tutte le epoche.<\/p>\n","protected":false},"author":1,"featured_media":13906,"parent":0,"menu_order":0,"comment_status":"closed","ping_status":"closed","template":"","meta":{"_acf_changed":false,"footnotes":""},"class_list":["post-7","page","type-page","status-publish","has-post-thumbnail","hentry"],"acf":[],"_links":{"self":[{"href":"https:\/\/scalarchives.com\/it\/wp-json\/wp\/v2\/pages\/7","targetHints":{"allow":["GET"]}}],"collection":[{"href":"https:\/\/scalarchives.com\/it\/wp-json\/wp\/v2\/pages"}],"about":[{"href":"https:\/\/scalarchives.com\/it\/wp-json\/wp\/v2\/types\/page"}],"author":[{"embeddable":true,"href":"https:\/\/scalarchives.com\/it\/wp-json\/wp\/v2\/users\/1"}],"replies":[{"embeddable":true,"href":"https:\/\/scalarchives.com\/it\/wp-json\/wp\/v2\/comments?post=7"}],"version-history":[{"count":54,"href":"https:\/\/scalarchives.com\/it\/wp-json\/wp\/v2\/pages\/7\/revisions"}],"predecessor-version":[{"id":34714,"href":"https:\/\/scalarchives.com\/it\/wp-json\/wp\/v2\/pages\/7\/revisions\/34714"}],"wp:featuredmedia":[{"embeddable":true,"href":"https:\/\/scalarchives.com\/it\/wp-json\/wp\/v2\/media\/13906"}],"wp:attachment":[{"href":"https:\/\/scalarchives.com\/it\/wp-json\/wp\/v2\/media?parent=7"}],"curies":[{"name":"wp","href":"https:\/\/api.w.org\/{rel}","templated":true}]}}