{"id":34495,"date":"2026-04-07T12:05:22","date_gmt":"2026-04-07T10:05:22","guid":{"rendered":"https:\/\/scalarchives.com\/?page_id=34495"},"modified":"2026-04-08T14:44:44","modified_gmt":"2026-04-08T12:44:44","slug":"il-victoria-and-albert-museum","status":"publish","type":"page","link":"https:\/\/scalarchives.com\/it\/il-victoria-and-albert-museum\/","title":{"rendered":"Il Victoria and Albert Museum"},"content":{"rendered":"\n<p>Il Victoria and Albert Museum \u2013 conosciuto semplicemente come V&amp;A \u2013 \u00e8 il pi\u00f9 grande museo al mondo di arti applicate e decorative, con oltre 4,5 milioni di oggetti che coprono 5.000 anni di creativit\u00e0 umana. Situato a South Kensington, a Londra, il museo offre ingresso gratuito a una delle collezioni pi\u00f9 complete di arte, design, moda e artigianato mai riunite.<\/p>\n\n\n\n<p><strong>Breve storia del V&amp;A<\/strong><\/p>\n\n\n\n<p>Le origini del museo risalgono al 1852, quando apr\u00ec come modesto \u201cMuseum of Manufacturers\u201d a Marlborough House, in Pall Mall. La collezione iniziale era composta in gran parte da oggetti esposti alla Grande Esposizione del 1851 al Crystal Palace, un evento storico che presentava arti industriali e decorative provenienti da tutto il mondo.<\/p>\n\n\n\n<p>Il governo britannico istitu\u00ec il museo per migliorare il gusto del pubblico e formare coloro che lavoravano nel settore manifatturiero. Nel giro di un anno fu rinominato Museum of Ornamental Art e, nel 1857, si trasfer\u00ec nell\u2019attuale sede di South Kensington come South Kensington Museum.<\/p>\n\n\n\n<figure class=\"wp-block-gallery has-nested-images columns-default is-cropped wp-block-gallery-1 is-layout-flex wp-block-gallery-is-layout-flex\">\n<figure class=\"wp-block-image size-large\"><img loading=\"lazy\" decoding=\"async\" width=\"1024\" height=\"704\" data-id=\"34513\" src=\"https:\/\/scalarchives.com\/wp-content\/uploads\/2026\/04\/scala_VA12594-1024x704.jpg\" alt=\"\" class=\"wp-image-34513\" srcset=\"https:\/\/scalarchives.com\/wp-content\/uploads\/2026\/04\/scala_VA12594-1024x704.jpg 1024w, https:\/\/scalarchives.com\/wp-content\/uploads\/2026\/04\/scala_VA12594-300x206.jpg 300w, https:\/\/scalarchives.com\/wp-content\/uploads\/2026\/04\/scala_VA12594-768x528.jpg 768w, https:\/\/scalarchives.com\/wp-content\/uploads\/2026\/04\/scala_VA12594.jpg 1454w\" sizes=\"auto, (max-width: 1024px) 100vw, 1024px\" \/><figcaption class=\"wp-element-caption\">Experiments with the model of the memorial of the Exhibition of 1851. Watercolour and pencil on paper. London, England, 1861. &#8211; Artwork Location: Victoria and Albert Museum, Londra, Gran Bretagna &#8211; Permission for usage must be provided in writing from Scala.<\/figcaption><\/figure>\n\n\n\n<figure class=\"wp-block-image size-large\"><img loading=\"lazy\" decoding=\"async\" width=\"1024\" height=\"805\" data-id=\"34517\" src=\"https:\/\/scalarchives.com\/wp-content\/uploads\/2026\/04\/scala_VA11317-1024x805.jpg\" alt=\"\" class=\"wp-image-34517\" srcset=\"https:\/\/scalarchives.com\/wp-content\/uploads\/2026\/04\/scala_VA11317-1024x805.jpg 1024w, https:\/\/scalarchives.com\/wp-content\/uploads\/2026\/04\/scala_VA11317-300x236.jpg 300w, https:\/\/scalarchives.com\/wp-content\/uploads\/2026\/04\/scala_VA11317-768x604.jpg 768w, https:\/\/scalarchives.com\/wp-content\/uploads\/2026\/04\/scala_VA11317.jpg 1272w\" sizes=\"auto, (max-width: 1024px) 100vw, 1024px\" \/><figcaption class=\"wp-element-caption\">Charlotte Thurston Thompson, Calchi nel corridoio di un negozio, South Kensington Museum. Londra, Inghilterra, circa 1850-60. Victoria and Albert Museum, Londra. Foto Scala, Firenze\/V&amp;A Images\/Victoria and Albert Museum, Londra &#8211; VA11317<\/figcaption><\/figure>\n\n\n\n<figure class=\"wp-block-image size-large\"><img loading=\"lazy\" decoding=\"async\" width=\"1024\" height=\"663\" data-id=\"34521\" src=\"https:\/\/scalarchives.com\/wp-content\/uploads\/2026\/04\/scala_VA12012-1024x663.jpg\" alt=\"\" class=\"wp-image-34521\" srcset=\"https:\/\/scalarchives.com\/wp-content\/uploads\/2026\/04\/scala_VA12012-1024x663.jpg 1024w, https:\/\/scalarchives.com\/wp-content\/uploads\/2026\/04\/scala_VA12012-300x194.jpg 300w, https:\/\/scalarchives.com\/wp-content\/uploads\/2026\/04\/scala_VA12012-768x497.jpg 768w, https:\/\/scalarchives.com\/wp-content\/uploads\/2026\/04\/scala_VA12012-1536x995.jpg 1536w, https:\/\/scalarchives.com\/wp-content\/uploads\/2026\/04\/scala_VA12012.jpg 1544w\" sizes=\"auto, (max-width: 1024px) 100vw, 1024px\" \/><figcaption class=\"wp-element-caption\">Anthony Carey Stannus, Primo edificio delle sale di ristoro del South Kensington Museum. Acquerello. Londra, 1863. Victoria and Albert Museum, Londra. Foto Scala, Firenze\/V&amp;A Images\/Victoria and Albert Museum, Londra &#8211;<br>VA12012<\/figcaption><\/figure>\n<\/figure>\n\n\n\n<p>Il museo assunse il nome attuale nel 1899, quando la regina Vittoria pose la prima pietra di un grandioso edificio progettato da Sir Aston Webb. La struttura fu inaugurata nel 1909 e rappresenta ancora oggi il fulcro architettonico del museo. \u00c8 interessante notare che la regina Vittoria aveva inizialmente desiderato chiamarlo semplicemente \u201cAlbert Museum\u201d, in onore del suo defunto marito.<\/p>\n\n\n\n<p>Il quartiere circostante, noto come Albertopolis, fu acquistato in parte con i profitti della Grande Esposizione. Oggi ospita una straordinaria concentrazione di istituzioni culturali ed educative: il Natural History Museum, lo Science Museum, la Royal Albert Hall, l\u2019Imperial College London e i Royal Colleges of Art and Music.<\/p>\n\n\n\n<p><strong>Un museo all\u2019avanguardia fin dall\u2019inizio<\/strong><\/p>\n\n\n\n<p>Il V&amp;A fu sorprendentemente innovativo per la sua epoca:<\/p>\n\n\n\n<p><strong><em>Primo ristorante museale <\/em><\/strong>\u2014 Il South Kensington Museum fu il primo museo al mondo a offrire uno spazio di ristoro al pubblico.<\/p>\n\n\n\n<p><em><strong>Prime gallerie illuminate a gas<\/strong><\/em> \u2014 Gli orari serali furono resi possibili grazie all\u2019uso pionieristico dell\u2019illuminazione a gas. Il primo direttore, Henry Cole, sperava che il museo potesse fungere da \u201cpotente antidoto ai gin palace\u201d.<\/p>\n\n\n\n<p><strong><em>Ingresso a tariffa variabile<\/em><\/strong> \u2014 Durante il XIX secolo, il museo applicava un biglietto di sei pence in alcuni giorni per gestire l\u2019affluenza, offrendo invece ingresso gratuito in altri.<\/p>\n\n\n<div class=\"wp-block-image\">\n<figure class=\"aligncenter size-large is-resized\"><img loading=\"lazy\" decoding=\"async\" width=\"978\" height=\"1024\" src=\"https:\/\/scalarchives.com\/wp-content\/uploads\/2026\/04\/scala_VA02139-978x1024.jpg\" alt=\"\" class=\"wp-image-34508\" style=\"width:900px\" srcset=\"https:\/\/scalarchives.com\/wp-content\/uploads\/2026\/04\/scala_VA02139-978x1024.jpg 978w, https:\/\/scalarchives.com\/wp-content\/uploads\/2026\/04\/scala_VA02139-287x300.jpg 287w, https:\/\/scalarchives.com\/wp-content\/uploads\/2026\/04\/scala_VA02139-768x804.jpg 768w, https:\/\/scalarchives.com\/wp-content\/uploads\/2026\/04\/scala_VA02139.jpg 1000w\" sizes=\"auto, (max-width: 978px) 100vw, 978px\" \/><figcaption class=\"wp-element-caption\"><a href=\"https:\/\/search.scalarchives.com\/id\/01243173\">Tovagliolo di carta, souvenir dell&#8217;inaugurazione del Victoria and Albert Museum. Londra, Inghilterra, 1909. Xilografia e incisione a colori. N. di inventario: E.1037-1977. Foto Scala, Firenze\/V&amp;A Images\/Victoria and Albert Museum, Londra &#8211; VA02139<\/a><\/figcaption><\/figure>\n<\/div>\n\n\n<p><strong>Collezioni principali<\/strong><\/p>\n\n\n\n<p>La sede principale di South Kensington si estende su 12,5 acri e comprende 145 gallerie. Le sue collezioni sono tra le pi\u00f9 complete al mondo in molte discipline.<\/p>\n\n\n<div class=\"wp-block-image\">\n<figure class=\"aligncenter size-large is-resized\"><img loading=\"lazy\" decoding=\"async\" width=\"1024\" height=\"534\" src=\"https:\/\/scalarchives.com\/wp-content\/uploads\/2026\/04\/scala_VA08024-1024x534.jpg\" alt=\"\" class=\"wp-image-34546\" style=\"width:900px\" srcset=\"https:\/\/scalarchives.com\/wp-content\/uploads\/2026\/04\/scala_VA08024-1024x534.jpg 1024w, https:\/\/scalarchives.com\/wp-content\/uploads\/2026\/04\/scala_VA08024-300x156.jpg 300w, https:\/\/scalarchives.com\/wp-content\/uploads\/2026\/04\/scala_VA08024-768x400.jpg 768w, https:\/\/scalarchives.com\/wp-content\/uploads\/2026\/04\/scala_VA08024-1536x801.jpg 1536w, https:\/\/scalarchives.com\/wp-content\/uploads\/2026\/04\/scala_VA08024.jpg 1918w\" sizes=\"auto, (max-width: 1024px) 100vw, 1024px\" \/><figcaption class=\"wp-element-caption\"><a href=\"https:\/\/search.scalarchives.com\/id\/02579213\" target=\"_blank\" rel=\"noreferrer noopener\">William De Morgan, Coppia di piastrelle: BBB. Fulham (Londra), 1898. Victoria and Albert Museum, Londra, Gran Bretagna &#8211; Foto Scala, Firenze\/V&amp;A Images\/Victoria and Albert Museum, Londra &#8211; VA08024<\/a><\/figcaption><\/figure>\n<\/div>\n\n\n<p><strong><em>Arti decorative e design<\/em><\/strong> &#8211; La missione originaria del V&amp;A \u2013 promuovere design e artigianato \u2013 resta centrale nella sua identit\u00e0. <\/p>\n\n\n\n<p><strong><em>Scultura<\/em><\/strong> &#8211; Il museo possiede una delle pi\u00f9 grandi collezioni di scultura post-classica al mondo. La collezione di scultura del Rinascimento italiano \u00e8 la pi\u00f9 importante fuori dall\u2019Italia, con calchi e opere originali dei grandi maestri del periodo.<\/p>\n\n\n<div class=\"wp-block-image\">\n<figure class=\"aligncenter size-large is-resized\"><img loading=\"lazy\" decoding=\"async\" width=\"1024\" height=\"799\" src=\"https:\/\/scalarchives.com\/wp-content\/uploads\/2026\/04\/scala_VA00390-1024x799.jpg\" alt=\"\" class=\"wp-image-34525\" style=\"width:900px\" srcset=\"https:\/\/scalarchives.com\/wp-content\/uploads\/2026\/04\/scala_VA00390-1024x799.jpg 1024w, https:\/\/scalarchives.com\/wp-content\/uploads\/2026\/04\/scala_VA00390-300x234.jpg 300w, https:\/\/scalarchives.com\/wp-content\/uploads\/2026\/04\/scala_VA00390-768x600.jpg 768w, https:\/\/scalarchives.com\/wp-content\/uploads\/2026\/04\/scala_VA00390.jpg 1281w\" sizes=\"auto, (max-width: 1024px) 100vw, 1024px\" \/><figcaption class=\"wp-element-caption\"><a href=\"https:\/\/search.scalarchives.com\/id\/01246005\" target=\"_blank\" rel=\"noreferrer noopener\">Antonio Canova, Le tre grazie. Roma, Italia, 1814-17. Victoria and Albert Museum, Londra, Gran Bretagna. Foto Scala, Firenze\/V&amp;A Images\/Victoria and Albert Museum, Londra &#8211; VA00390<\/a><\/figcaption><\/figure>\n<\/div>\n\n\n<p><strong><em>Tessuti e moda<\/em><\/strong> &#8211; Dagli arazzi medievali all\u2019haute couture, le collezioni documentano la storia dell\u2019abbigliamento e della produzione tessile a livello globale. Comprendono capi di stilisti come Vivienne Westwood e Molly Goddard, insieme a pezzi storici come abiti del XVII secolo della designer tessile londinese Anna Maria Garthwaite.<\/p>\n\n\n<div class=\"wp-block-image\">\n<figure class=\"aligncenter size-large is-resized\"><img loading=\"lazy\" decoding=\"async\" width=\"1024\" height=\"813\" src=\"https:\/\/scalarchives.com\/wp-content\/uploads\/2026\/04\/scala_VA01522-1024x813.jpg\" alt=\"\" class=\"wp-image-34529\" style=\"width:900px\" srcset=\"https:\/\/scalarchives.com\/wp-content\/uploads\/2026\/04\/scala_VA01522-1024x813.jpg 1024w, https:\/\/scalarchives.com\/wp-content\/uploads\/2026\/04\/scala_VA01522-300x238.jpg 300w, https:\/\/scalarchives.com\/wp-content\/uploads\/2026\/04\/scala_VA01522-768x610.jpg 768w, https:\/\/scalarchives.com\/wp-content\/uploads\/2026\/04\/scala_VA01522.jpg 1260w\" sizes=\"auto, (max-width: 1024px) 100vw, 1024px\" \/><figcaption class=\"wp-element-caption\"><a href=\"https:\/\/search.scalarchives.com\/id\/01244971\" target=\"_blank\" rel=\"noreferrer noopener\">Corsetto con stecche, 1770-90. Damasco di seta e lino con ossa di balena irrigidite &#8211; Victoria and Albert Museum, Londra, Gran Bretagna &#8211; Foto Scala, Firenze\/V&amp;A Images\/Victoria and Albert Museum, Londra -VA01522<\/a><\/figcaption><\/figure>\n<\/div>\n\n\n<p><strong><em>Arte asiatica e islamica<\/em><\/strong> &#8211; Le collezioni dell\u2019Asia meridionale e sud-orientale derivano dall\u2019India Museum della East India Company, fondato nel 1801 e trasferito a South Kensington nel 1879. Le raccolte dell\u2019Asia orientale sono particolarmente ricche di ceramiche e oggetti in metallo provenienti da Cina, Giappone e Corea. La collezione di arte islamica \u00e8 tra le pi\u00f9 grandi del mondo occidentale.<\/p>\n\n\n<div class=\"wp-block-image\">\n<figure class=\"aligncenter size-large is-resized\"><img loading=\"lazy\" decoding=\"async\" width=\"1024\" height=\"684\" src=\"https:\/\/scalarchives.com\/wp-content\/uploads\/2026\/04\/scala_VA00428-1024x684.jpg\" alt=\"\" class=\"wp-image-34533\" style=\"width:900px\" srcset=\"https:\/\/scalarchives.com\/wp-content\/uploads\/2026\/04\/scala_VA00428-1024x684.jpg 1024w, https:\/\/scalarchives.com\/wp-content\/uploads\/2026\/04\/scala_VA00428-300x200.jpg 300w, https:\/\/scalarchives.com\/wp-content\/uploads\/2026\/04\/scala_VA00428-768x513.jpg 768w, https:\/\/scalarchives.com\/wp-content\/uploads\/2026\/04\/scala_VA00428.jpg 1498w\" sizes=\"auto, (max-width: 1024px) 100vw, 1024px\" \/><figcaption class=\"wp-element-caption\"><a href=\"https:\/\/search.scalarchives.com\/id\/01242701\" target=\"_blank\" rel=\"noreferrer noopener\">Hokusai Katsushika&nbsp;, La grande onda, dalla serie &#8216;Trentasei vedute del Monte Fuji incorniciate da un&#8217;onda al largo della costa di Kanagawa&#8217;, 1830-31 ca. Stampa su carta da matrice in legno. Victoria and Albert Museum, Londra, Gran Bretagna. Foto Scala, Firenze\/V&amp;A Images\/Victoria and Albert Museum, Londra &#8211; VA00428<\/a><\/figcaption><\/figure>\n<\/div>\n\n\n<p><strong><em>Stampe, disegni e fotografie<\/em><\/strong> &#8211; Il museo conserva un vasto archivio di opere su carta, dai disegni degli antichi maestri alle prime fotografie, a supporto della ricerca e delle mostre temporanee.<\/p>\n\n\n<div class=\"wp-block-image\">\n<figure class=\"aligncenter size-large is-resized\"><img loading=\"lazy\" decoding=\"async\" width=\"768\" height=\"1024\" src=\"https:\/\/scalarchives.com\/wp-content\/uploads\/2026\/04\/scala_VA00140-768x1024.jpg\" alt=\"\" class=\"wp-image-34537\" style=\"width:900px\" srcset=\"https:\/\/scalarchives.com\/wp-content\/uploads\/2026\/04\/scala_VA00140-768x1024.jpg 768w, https:\/\/scalarchives.com\/wp-content\/uploads\/2026\/04\/scala_VA00140-225x300.jpg 225w, https:\/\/scalarchives.com\/wp-content\/uploads\/2026\/04\/scala_VA00140.jpg 1000w\" sizes=\"auto, (max-width: 768px) 100vw, 768px\" \/><figcaption class=\"wp-element-caption\"><a href=\"https:\/\/search.scalarchives.com\/id\/01244152\" target=\"_blank\" rel=\"noreferrer noopener\">Cecil Beaton, La regina Elisabetta II. Inghilterra, sec. XX &#8211; Foto Scala, Firenze\/V&amp;A Images\/Victoria and Albert Museum, Londra &#8211; VA00140<\/a><\/figcaption><\/figure>\n<\/div>\n\n\n<p><strong>V&amp;A East Storehouse e il sistema \u201cOrder an Object\u201d<\/strong><\/p>\n\n\n\n<p>Il V&amp;A East Storehouse, inaugurato nel maggio 2025 nell\u2019East Bank di Londra, rappresenta un nuovo modo di condividere le collezioni con il pubblico.<\/p>\n\n\n\n<p>Piuttosto che esporre una selezione curata dietro teche, lo Storehouse funziona come uno spazio ibrido tra deposito, centro di ricerca e accesso interattivo. L\u2019innovazione principale \u00e8 il sistema \u201cOrder an Object\u201d: i visitatori possono consultare un catalogo digitale di oltre 500.000 oggetti, selezionarne fino a cinque e prenotare un appuntamento per esaminarli da vicino con il supporto del personale del museo.<\/p>\n\n\n\n<p><strong>V&amp;A East Museum (da aprile 2026)<\/strong><\/p>\n\n\n\n<p>Il V&amp;A East Museum aprir\u00e0 sabato 18 aprile 2026 nel Queen Elizabeth Olympic Park, a breve distanza dallo Storehouse. Segna una nuova fase dell\u2019espansione del V&amp;A nell\u2019East Bank.<\/p>\n\n\n\n<p><strong>Due gallerie permanenti gratuite<\/strong> \u2014 Intitolate \u201cWhy We Make\u201d, esporranno oltre 500 oggetti dedicati alla cultura globale contemporanea. I temi includono benessere, comunit\u00e0 creative, giustizia sociale e sostenibilit\u00e0 ambientale, con allestimenti pensati per creare connessioni inaspettate tra epoche e discipline.<\/p>\n\n\n\n<p><strong>Accostamenti iconici tra moda e arte<\/strong> \u2014 I visitatori potranno vedere l\u2019abito Daria di Molly Goddard (reso celebre da Beyonc\u00e9) esposto accanto a una copia di autoritratto del XVI secolo della pittrice italiana Sofonisba Anguissola e al ritratto fotografico del 1988 dell\u2019artista Lubaina Himid realizzato da Maud Sulter.<\/p>\n\n\n<div class=\"wp-block-image\">\n<figure class=\"aligncenter size-large is-resized\"><a href=\"https:\/\/search.scalarchives.com\/id\/02609347\" target=\"_blank\" rel=\" noreferrer noopener\"><img loading=\"lazy\" decoding=\"async\" width=\"1024\" height=\"842\" src=\"https:\/\/scalarchives.com\/wp-content\/uploads\/2026\/04\/scala_VA08043-1024x842.jpg\" alt=\"\" class=\"wp-image-34541\" style=\"width:900px\" srcset=\"https:\/\/scalarchives.com\/wp-content\/uploads\/2026\/04\/scala_VA08043-1024x842.jpg 1024w, https:\/\/scalarchives.com\/wp-content\/uploads\/2026\/04\/scala_VA08043-300x247.jpg 300w, https:\/\/scalarchives.com\/wp-content\/uploads\/2026\/04\/scala_VA08043-768x632.jpg 768w, https:\/\/scalarchives.com\/wp-content\/uploads\/2026\/04\/scala_VA08043.jpg 1216w\" sizes=\"auto, (max-width: 1024px) 100vw, 1024px\" \/><\/a><figcaption class=\"wp-element-caption\"><a href=\"https:\/\/search.scalarchives.com\/id\/02609347\" target=\"_blank\" rel=\"noreferrer noopener\">Miniatura raffigurante un occhio in una spilla. Pittura e pietre. Inghilterra, inizio XIX secolo. Victoria and Albert Museum, Londra. Foto Scala, Firenze\/V&amp;A Images\/Victoria and Albert Museum, Londra &#8211; VA08043<\/a><\/figcaption><\/figure>\n<\/div>\n\n\n<p>Dalle sue origini come strumento per migliorare l\u2019industria alla sua attuale funzione di promotore della creativit\u00e0 globale, il Victoria and Albert Museum si \u00e8 evoluto continuamente rimanendo fedele alla sua missione: rendere arte e design accessibili a tutti. Con lo Storehouse che ridefinisce il rapporto con il pubblico e il nuovo museo in apertura nel 2026, il V&amp;A continua a essere all\u2019avanguardia nel ripensare il ruolo del museo.<\/p>\n\n\n\n<p>Scala \u00e8 lieta di essere l\u2019agente ufficiale del V&amp;A in Italia, Francia, Svizzera, Belgio, Spagna, Portogallo e America Latina. Per maggiori informazioni su ricerca e licenze commerciali, vi invitiamo a contattare <a href=\"mailto:info@scalagroup.com\" target=\"_blank\" rel=\"noreferrer noopener\">info@scalagroup.com<\/a>.<\/p>\n","protected":false},"excerpt":{"rendered":"<p>Il Victoria and Albert Museum \u2013 conosciuto semplicemente come V&amp;A \u2013 \u00e8 il pi\u00f9 grande museo al mondo di arti applicate e decorative, con oltre 4,5 milioni di oggetti che coprono 5.000 anni di creativit\u00e0 umana. Situato a South Kensington, a Londra, il museo offre ingresso gratuito a una delle collezioni pi\u00f9 complete di arte, [&hellip;]<\/p>\n","protected":false},"author":3,"featured_media":34474,"parent":0,"menu_order":0,"comment_status":"closed","ping_status":"closed","template":"","meta":{"_acf_changed":false,"footnotes":""},"class_list":["post-34495","page","type-page","status-publish","has-post-thumbnail","hentry"],"acf":[],"_links":{"self":[{"href":"https:\/\/scalarchives.com\/it\/wp-json\/wp\/v2\/pages\/34495","targetHints":{"allow":["GET"]}}],"collection":[{"href":"https:\/\/scalarchives.com\/it\/wp-json\/wp\/v2\/pages"}],"about":[{"href":"https:\/\/scalarchives.com\/it\/wp-json\/wp\/v2\/types\/page"}],"author":[{"embeddable":true,"href":"https:\/\/scalarchives.com\/it\/wp-json\/wp\/v2\/users\/3"}],"replies":[{"embeddable":true,"href":"https:\/\/scalarchives.com\/it\/wp-json\/wp\/v2\/comments?post=34495"}],"version-history":[{"count":19,"href":"https:\/\/scalarchives.com\/it\/wp-json\/wp\/v2\/pages\/34495\/revisions"}],"predecessor-version":[{"id":34613,"href":"https:\/\/scalarchives.com\/it\/wp-json\/wp\/v2\/pages\/34495\/revisions\/34613"}],"wp:featuredmedia":[{"embeddable":true,"href":"https:\/\/scalarchives.com\/it\/wp-json\/wp\/v2\/media\/34474"}],"wp:attachment":[{"href":"https:\/\/scalarchives.com\/it\/wp-json\/wp\/v2\/media?parent=34495"}],"curies":[{"name":"wp","href":"https:\/\/api.w.org\/{rel}","templated":true}]}}