{"id":34225,"date":"2026-03-06T09:08:12","date_gmt":"2026-03-06T08:08:12","guid":{"rendered":"https:\/\/scalarchives.com\/?page_id=34225"},"modified":"2026-04-14T12:10:48","modified_gmt":"2026-04-14T10:10:48","slug":"whitney-museum-of-american-art-biennale","status":"publish","type":"page","link":"https:\/\/scalarchives.com\/it\/whitney-museum-of-american-art-biennale\/","title":{"rendered":"Whitney Museum of American Art"},"content":{"rendered":"\n<p><br>Con oltre <a href=\"https:\/\/search.scalarchives.com\/?16141816133845785070&amp;EVENT=WEBSHOP_SEARCH&amp;SEARCHMODE=NEW&amp;AUTHOR=25238||WhitneyMuseumofAmericanArt\" target=\"_blank\" rel=\"noreferrer noopener\">25.000 opere di pi\u00f9 di 3.700 artisti americani<\/a>, il Whitney Museum \u00e8 il principale museo al mondo dedicato all&#8217;arte americana del XX e XXI secolo. Scala \u00e8 lieta di rappresentare il museo in esclusiva mondiale.<\/p>\n\n\n\n<p><strong><br>Dalla Fondazione alla Biennale<\/strong><br>Nei primi anni del Novecento, la collezionista, mecenate e scultrice Gertrude Vanderbilt Whitney si rese conto di quanto gli artisti d&#8217;avanguardia faticassero a esporre e vendere le proprie opere negli Stati Uniti. Per colmare questa lacuna, nel 1914 fond\u00f2 uno spazio espositivo nel Greenwich Village di New York, dedicato alla promozione dell&#8217;arte americana contemporanea. Quando nel 1929 offr\u00ec la sua collezione \u2014 che contava ormai oltre 500 opere \u2014 al Metropolitan Museum of Art, la donazione venne rifiutata. Fu cos\u00ec che nel 1931 Gertrude apr\u00ec il proprio museo su West 8th Street, dedicato esclusivamente all&#8217;arte americana.<\/p>\n\n\n<div class=\"wp-block-image\">\n<figure class=\"aligncenter size-large\"><img loading=\"lazy\" decoding=\"async\" width=\"1024\" height=\"708\" src=\"https:\/\/scalarchives.com\/wp-content\/uploads\/2026\/03\/scala_WM00341-1024x708.jpg\" alt=\"\" class=\"wp-image-34186\" srcset=\"https:\/\/scalarchives.com\/wp-content\/uploads\/2026\/03\/scala_WM00341-1024x708.jpg 1024w, https:\/\/scalarchives.com\/wp-content\/uploads\/2026\/03\/scala_WM00341-300x207.jpg 300w, https:\/\/scalarchives.com\/wp-content\/uploads\/2026\/03\/scala_WM00341-768x531.jpg 768w, https:\/\/scalarchives.com\/wp-content\/uploads\/2026\/03\/scala_WM00341.jpg 1447w\" sizes=\"auto, (max-width: 1024px) 100vw, 1024px\" \/><figcaption class=\"wp-element-caption\"><a href=\"https:\/\/search.scalarchives.com\/id\/02471917\">Gertrude Vanderbilt Whitney. 1916. Whitney Museum of American Art, New York, USA &#8211; WM00341<\/a><\/figcaption><\/figure>\n<\/div>\n\n\n<p><strong>Architettura<\/strong><br>La rapida crescita della collezione rese necessario, negli anni Sessanta, un nuovo spazio. Nel 1963 l&#8217;architetto Marcel Breuer progett\u00f2 la nuova sede tra Madison Avenue e la 75th Street: un edificio in stile brutalista con una facciata a gradoni che si allargava verso l&#8217;alto, diventato col tempo l&#8217;opera pi\u00f9 riconoscibile del progettista, pur non essendo inizialmente apprezzata dai newyorkesi. Nel 2015 il Whitney si trasfer\u00ec nella sede attuale, progettata da Renzo Piano nel quartiere del Meatpacking District, affacciata sulla celebre High Line. L&#8217;edificio, inaugurato nella primavera di quell&#8217;anno, offr\u00ec per la prima volta spazi adeguati a ospitare installazioni, performance e video art su larga scala.<\/p>\n\n\n<div class=\"wp-block-image\">\n<figure class=\"aligncenter size-large\"><img loading=\"lazy\" decoding=\"async\" width=\"1024\" height=\"776\" src=\"https:\/\/scalarchives.com\/wp-content\/uploads\/2026\/03\/scala_WM01537-1024x776.jpg\" alt=\"\" class=\"wp-image-34190\" srcset=\"https:\/\/scalarchives.com\/wp-content\/uploads\/2026\/03\/scala_WM01537-1024x776.jpg 1024w, https:\/\/scalarchives.com\/wp-content\/uploads\/2026\/03\/scala_WM01537-300x227.jpg 300w, https:\/\/scalarchives.com\/wp-content\/uploads\/2026\/03\/scala_WM01537-768x582.jpg 768w, https:\/\/scalarchives.com\/wp-content\/uploads\/2026\/03\/scala_WM01537.jpg 1319w\" sizes=\"auto, (max-width: 1024px) 100vw, 1024px\" \/><figcaption class=\"wp-element-caption\"><a href=\"https:\/\/search.scalarchives.com\/id\/02518300\">Whitney Museum of American Art e la Highline, angolo tra Gansevoort Street e Washington Street, New York, New York. Fotografia di Ed Lederman &#8211; Whitney Museum of American Art, New York, USA &#8211; WM01537<\/a><\/figcaption><\/figure>\n<\/div>\n\n\n<p><strong>La collezione<\/strong><br>La collezione permanente \u2014 che include lavori di Edward Hopper, Alexander Calder, Jasper Johns, Andy Warhol, Roy Lichtenstein e Keith Haring \u2014 consente percorsi espositivi sempre rinnovati. Fedele allo spirito innovativo della fondatrice, il museo dedica ampio spazio fisico e concettuale alle installazioni, alle performance e alla video art, con il secondo e terzo piano progettati appositamente come spazi teatrali e flessibili.<\/p>\n\n\n\n<figure class=\"wp-block-gallery has-nested-images columns-4 is-cropped wp-block-gallery-1 is-layout-flex wp-block-gallery-is-layout-flex\">\n<figure class=\"wp-block-image size-large\"><img loading=\"lazy\" decoding=\"async\" width=\"1024\" height=\"821\" data-id=\"34196\" src=\"https:\/\/scalarchives.com\/wp-content\/uploads\/2026\/03\/scala_WM00095-1024x821.jpg\" alt=\"Edward Hopper, Second Story Sunlight. (1960). Whitney Museum of American Art - WM00095\" class=\"wp-image-34196\" srcset=\"https:\/\/scalarchives.com\/wp-content\/uploads\/2026\/03\/scala_WM00095-1024x821.jpg 1024w, https:\/\/scalarchives.com\/wp-content\/uploads\/2026\/03\/scala_WM00095-300x241.jpg 300w, https:\/\/scalarchives.com\/wp-content\/uploads\/2026\/03\/scala_WM00095-768x616.jpg 768w, https:\/\/scalarchives.com\/wp-content\/uploads\/2026\/03\/scala_WM00095.jpg 1247w\" sizes=\"auto, (max-width: 1024px) 100vw, 1024px\" \/><figcaption class=\"wp-element-caption\">Edward Hopper, Second Story Sunlight. (1960). Whitney Museum of American Art &#8211; WM00095<\/figcaption><\/figure>\n\n\n\n<figure class=\"wp-block-image size-large\"><img loading=\"lazy\" decoding=\"async\" width=\"1024\" height=\"871\" data-id=\"34200\" src=\"https:\/\/scalarchives.com\/wp-content\/uploads\/2026\/03\/scala_WM01626-1024x871.jpg\" alt=\"Roy Lichtenstein, Little Big Painting, 1965. Whitney Museum of American Art. - WM01626\" class=\"wp-image-34200\" srcset=\"https:\/\/scalarchives.com\/wp-content\/uploads\/2026\/03\/scala_WM01626-1024x871.jpg 1024w, https:\/\/scalarchives.com\/wp-content\/uploads\/2026\/03\/scala_WM01626-300x255.jpg 300w, https:\/\/scalarchives.com\/wp-content\/uploads\/2026\/03\/scala_WM01626-768x653.jpg 768w, https:\/\/scalarchives.com\/wp-content\/uploads\/2026\/03\/scala_WM01626.jpg 1176w\" sizes=\"auto, (max-width: 1024px) 100vw, 1024px\" \/><figcaption class=\"wp-element-caption\">Roy Lichtenstein, Little Big Painting, 1965. Whitney Museum of American Art. &#8211; WM01626<\/figcaption><\/figure>\n\n\n\n<figure class=\"wp-block-image size-large\"><img loading=\"lazy\" decoding=\"async\" width=\"1024\" height=\"656\" data-id=\"34204\" src=\"https:\/\/scalarchives.com\/wp-content\/uploads\/2026\/03\/scala_WM00440-1024x656.jpg\" alt=\"Bruce Nauman, Green Horses, 1988 - Whitney Museum of American Art, New York, USA - WM00440\" class=\"wp-image-34204\" srcset=\"https:\/\/scalarchives.com\/wp-content\/uploads\/2026\/03\/scala_WM00440-1024x656.jpg 1024w, https:\/\/scalarchives.com\/wp-content\/uploads\/2026\/03\/scala_WM00440-300x192.jpg 300w, https:\/\/scalarchives.com\/wp-content\/uploads\/2026\/03\/scala_WM00440-768x492.jpg 768w, https:\/\/scalarchives.com\/wp-content\/uploads\/2026\/03\/scala_WM00440-1536x984.jpg 1536w, https:\/\/scalarchives.com\/wp-content\/uploads\/2026\/03\/scala_WM00440.jpg 1561w\" sizes=\"auto, (max-width: 1024px) 100vw, 1024px\" \/><figcaption class=\"wp-element-caption\"> Bruce Nauman, Green Horses, 1988 &#8211; Whitney Museum of American Art, New York, USA &#8211; WM00440<\/figcaption><\/figure>\n\n\n\n<figure class=\"wp-block-image size-large\"><img loading=\"lazy\" decoding=\"async\" width=\"1024\" height=\"690\" data-id=\"34255\" src=\"https:\/\/scalarchives.com\/wp-content\/uploads\/2026\/03\/scala_WM00865-1024x690.jpg\" alt=\"Jasper Johns,\u00a0Three Flags. 1958. Digital image Whitney Museum of American Art \/ Licensed by Scala - WM00865\" class=\"wp-image-34255\" srcset=\"https:\/\/scalarchives.com\/wp-content\/uploads\/2026\/03\/scala_WM00865-1024x690.jpg 1024w, https:\/\/scalarchives.com\/wp-content\/uploads\/2026\/03\/scala_WM00865-300x202.jpg 300w, https:\/\/scalarchives.com\/wp-content\/uploads\/2026\/03\/scala_WM00865-768x518.jpg 768w, https:\/\/scalarchives.com\/wp-content\/uploads\/2026\/03\/scala_WM00865.jpg 1483w\" sizes=\"auto, (max-width: 1024px) 100vw, 1024px\" \/><figcaption class=\"wp-element-caption\">Jasper Johns,&nbsp;Three Flags. 1958. Digital image Whitney Museum of American Art \/ Licensed by Scala &#8211; WM00865<\/figcaption><\/figure>\n<\/figure>\n\n\n\n<p><strong>La Whitney Biennial<\/strong><br>Dal 1932, anno in cui Gertrude Vanderbilt Whitney la concep\u00ec come occasione di visibilit\u00e0 per gli artisti contemporanei, la Whitney Biennial si \u00e8 affermata come uno degli appuntamenti imprescindibili del mondo dell&#8217;arte internazionale. Con cadenza biennale, la rassegna \u00e8 tradizionalmente dedicata agli artisti emergenti e a quelli che meglio interpretano le tendenze dell&#8217;arte americana contemporanea. Nel corso dei decenni ha saputo anticipare movimenti e linguaggi destinati a segnare la storia dell&#8217;arte, confermando il ruolo del Whitney come osservatorio privilegiato sulla creativit\u00e0 del presente.<\/p>\n\n\n\n<p>Qui sotto potete vedere un fantastico video sulla storia della Biennale e alcune immagini di alcune edizioni passate.<\/p>\n\n\n\n<figure class=\"wp-block-embed aligncenter is-type-video is-provider-youtube wp-block-embed-youtube wp-embed-aspect-16-9 wp-has-aspect-ratio\"><div class=\"wp-block-embed__wrapper\">\n<iframe loading=\"lazy\" title=\"Whitney Biennial 2026 | Historical Trailer\" width=\"500\" height=\"281\" src=\"https:\/\/www.youtube.com\/embed\/8x3MvKMSwuk?feature=oembed\" frameborder=\"0\" allow=\"accelerometer; autoplay; clipboard-write; encrypted-media; gyroscope; picture-in-picture; web-share\" referrerpolicy=\"strict-origin-when-cross-origin\" allowfullscreen><\/iframe>\n<\/div><\/figure>\n\n\n\n<p>A breve SCALA aggiunger\u00e0 altro materiale d&#8217;archivio, insieme a maggiori informazioni sugli artisti della biennale attuale: <a href=\"https:\/\/scalarchives.com\/wp-content\/uploads\/2026\/03\/2026-Biennial-Artist-list.pdf\">clicca qui per vedere i nomi e i titoli delle opere della biennale attuale<\/a>.<\/p>\n\n\n\n<p><\/p>\n\n\n\n<p><\/p>\n\n\n\n<div class=\"wp-block-buttons is-content-justification-center is-layout-flex wp-container-core-buttons-is-layout-16018d1d wp-block-buttons-is-layout-flex\">\n<div class=\"wp-block-button is-style-fill\"><a class=\"wp-block-button__link has-text-color has-background has-link-color wp-element-button\" href=\"https:\/\/search.scalarchives.com\/series\/1.546\" style=\"border-top-left-radius:100px;border-top-right-radius:100px;border-bottom-left-radius:100px;border-bottom-right-radius:100px;color:#383737;background-color:#ebebeb\" target=\"_blank\" rel=\"noreferrer noopener\">2006 Biennal<\/a><\/div>\n\n\n\n<div class=\"wp-block-button\"><a class=\"wp-block-button__link has-text-color has-background has-link-color wp-element-button\" href=\"https:\/\/search.scalarchives.com\/series\/1.543\" style=\"color:#383737;background-color:#ebebeb\" target=\"_blank\" rel=\"noreferrer noopener\">2004 Biennal<\/a><\/div>\n\n\n\n<div class=\"wp-block-button\"><a class=\"wp-block-button__link has-text-color has-background has-link-color wp-element-button\" href=\"https:\/\/search.scalarchives.com\/series\/1.540\" style=\"color:#383737;background-color:#ebebeb\" target=\"_blank\" rel=\"noreferrer noopener\">2002 Biennal<\/a><\/div>\n\n\n\n<div class=\"wp-block-button\"><a class=\"wp-block-button__link has-text-color has-background has-link-color wp-element-button\" href=\"https:\/\/search.scalarchives.com\/series\/1.537\" style=\"color:#383737;background-color:#ebebeb\" target=\"_blank\" rel=\"noreferrer noopener\">2000 Biennal<\/a><\/div>\n<\/div>\n\n\n\n<p><\/p>\n\n\n\n<p><\/p>\n\n\n\n<div class=\"wp-block-buttons is-content-justification-center is-layout-flex wp-container-core-buttons-is-layout-16018d1d wp-block-buttons-is-layout-flex\">\n\n\n<div class=\"wp-block-button\"><a class=\"wp-block-button__link has-text-color has-background has-link-color wp-element-button\" href=\"https:\/\/search.scalarchives.com\/series\/1.534\" style=\"border-top-left-radius:31px;border-top-right-radius:31px;border-bottom-left-radius:31px;border-bottom-right-radius:31px;color:#383737;background-color:#ebebeb\" target=\"_blank\" rel=\"noreferrer noopener\">1997 Biennal<\/a><\/div>\n\n\n\n<div class=\"wp-block-button\"><a class=\"wp-block-button__link has-text-color has-background has-link-color wp-element-button\" href=\"https:\/\/search.scalarchives.com\/series\/1.531\" style=\"color:#383737;background-color:#ebebeb\" target=\"_blank\" rel=\"noreferrer noopener\">1995 Biennal<\/a><\/div>\n\n\n\n<div class=\"wp-block-button\"><a class=\"wp-block-button__link has-text-color has-background has-link-color wp-element-button\" href=\"https:\/\/search.scalarchives.com\/series\/1.528\" style=\"color:#383737;background-color:#ebebeb\">1993 Biennal<\/a><\/div>\n\n\n\n<div class=\"wp-block-button\"><a class=\"wp-block-button__link has-text-color has-background has-link-color wp-element-button\" href=\"https:\/\/search.scalarchives.com\/series\/1.525\" style=\"color:#383737;background-color:#ebebeb\" target=\"_blank\" rel=\"noreferrer noopener\">1991 Biennal<\/a><\/div>\n<\/div>\n\n\n\n<p><\/p>\n\n\n\n<div class=\"wp-block-buttons is-content-justification-center is-layout-flex wp-container-core-buttons-is-layout-16018d1d wp-block-buttons-is-layout-flex\">\n\n\n<div class=\"wp-block-button\"><a class=\"wp-block-button__link has-text-color has-background has-link-color wp-element-button\" href=\"https:\/\/search.scalarchives.com\/series\/1.522\" style=\"color:#383737;background-color:#ebebeb\" target=\"_blank\" rel=\"noreferrer noopener\">1989 Biennal<\/a><\/div>\n\n\n\n<div class=\"wp-block-button\"><a class=\"wp-block-button__link has-text-color has-background has-link-color wp-element-button\" href=\"https:\/\/search.scalarchives.com\/series\/1.519\" style=\"color:#383737;background-color:#ebebeb\" target=\"_blank\" rel=\"noreferrer noopener\">1987 Biennal<\/a><\/div>\n\n\n\n<div class=\"wp-block-button\"><a class=\"wp-block-button__link has-text-color has-background has-link-color wp-element-button\" href=\"https:\/\/search.scalarchives.com\/series\/1.516\" style=\"color:#383737;background-color:#ebebeb\" target=\"_blank\" rel=\"noreferrer noopener\">1985 Biennal<\/a><\/div>\n\n\n\n<div class=\"wp-block-button\"><a class=\"wp-block-button__link has-text-color has-background has-link-color wp-element-button\" href=\"https:\/\/search.scalarchives.com\/series\/1.513\" style=\"color:#383737;background-color:#ebebeb\" target=\"_blank\" rel=\"noreferrer noopener\">1983 Biennal<\/a><\/div>\n\n\n\n<div class=\"wp-block-button\"><a class=\"wp-block-button__link has-text-color has-background has-link-color wp-element-button\" href=\"https:\/\/search.scalarchives.com\/series\/1.510\" style=\"color:#383737;background-color:#ebebeb\" target=\"_blank\" rel=\"noreferrer noopener\">1981 Biennal<\/a><\/div>\n<\/div>\n\n\n\n<p><\/p>\n\n\n\n<p><\/p>\n\n\n\n<p><\/p>\n\n\n\n<p><\/p>\n\n\n\n<p><\/p>\n","protected":false},"excerpt":{"rendered":"<p>Con oltre 25.000 opere di pi\u00f9 di 3.700 artisti americani, il Whitney Museum \u00e8 il principale museo al mondo dedicato all&#8217;arte americana del XX e XXI secolo. Scala \u00e8 lieta di rappresentare il museo in esclusiva mondiale. Dalla Fondazione alla BiennaleNei primi anni del Novecento, la collezionista, mecenate e scultrice Gertrude Vanderbilt Whitney si rese [&hellip;]<\/p>\n","protected":false},"author":3,"featured_media":34184,"parent":0,"menu_order":0,"comment_status":"closed","ping_status":"closed","template":"","meta":{"_acf_changed":false,"footnotes":""},"class_list":["post-34225","page","type-page","status-publish","has-post-thumbnail","hentry"],"acf":[],"_links":{"self":[{"href":"https:\/\/scalarchives.com\/it\/wp-json\/wp\/v2\/pages\/34225","targetHints":{"allow":["GET"]}}],"collection":[{"href":"https:\/\/scalarchives.com\/it\/wp-json\/wp\/v2\/pages"}],"about":[{"href":"https:\/\/scalarchives.com\/it\/wp-json\/wp\/v2\/types\/page"}],"author":[{"embeddable":true,"href":"https:\/\/scalarchives.com\/it\/wp-json\/wp\/v2\/users\/3"}],"replies":[{"embeddable":true,"href":"https:\/\/scalarchives.com\/it\/wp-json\/wp\/v2\/comments?post=34225"}],"version-history":[{"count":18,"href":"https:\/\/scalarchives.com\/it\/wp-json\/wp\/v2\/pages\/34225\/revisions"}],"predecessor-version":[{"id":34783,"href":"https:\/\/scalarchives.com\/it\/wp-json\/wp\/v2\/pages\/34225\/revisions\/34783"}],"wp:featuredmedia":[{"embeddable":true,"href":"https:\/\/scalarchives.com\/it\/wp-json\/wp\/v2\/media\/34184"}],"wp:attachment":[{"href":"https:\/\/scalarchives.com\/it\/wp-json\/wp\/v2\/media?parent=34225"}],"curies":[{"name":"wp","href":"https:\/\/api.w.org\/{rel}","templated":true}]}}