{"id":33575,"date":"2025-10-14T14:28:42","date_gmt":"2025-10-14T12:28:42","guid":{"rendered":"https:\/\/scalarchives.com\/picture-search-requests\/"},"modified":"2026-03-03T19:47:19","modified_gmt":"2026-03-03T18:47:19","slug":"richiesta-ricerca-contenuti","status":"publish","type":"page","link":"https:\/\/scalarchives.com\/it\/richiesta-ricerca-contenuti\/","title":{"rendered":"Richiesta di ricerca contenuti"},"content":{"rendered":"\n<p><strong>Non riesci a trovare un&#8217;immagine o un footage che ti serve? Lascia che ti aiutiamo.<\/strong><\/p>\n\n\n\n<p>Con milioni di contenuti che spaziano tra arte, cultura, storia e molto altro \u2014 inclusi contenuti esclusivi provenienti dai principali musei internazionali \u2014 Scala Archives \u00e8 una risorsa unica nel suo genere. Tuttavia, a volte ci\u00f2 che cerchi \u00e8 qualcosa di unico. Ed \u00e8 qui che entra in gioco il nostro team, pronto a offrirti una ricerca personalizzata o uno shooting su commissione per dare vita alla tua idea.<\/p>\n\n\n\n<p>Questo servizio \u00e8 completamente gratuito per gli utenti registrati.<\/p>\n\n\n\n<div class=\"wpcf7 no-js\" id=\"wpcf7-f33536-o1\" lang=\"en-US\" dir=\"ltr\" data-wpcf7-id=\"33536\">\n<div class=\"screen-reader-response\"><p role=\"status\" aria-live=\"polite\" aria-atomic=\"true\"><\/p> <ul><\/ul><\/div>\n<form action=\"\/it\/wp-json\/wp\/v2\/pages\/33575#wpcf7-f33536-o1\" method=\"post\" class=\"wpcf7-form init\" aria-label=\"Contact form\" novalidate=\"novalidate\" data-status=\"init\">\n<fieldset class=\"hidden-fields-container\"><input type=\"hidden\" name=\"_wpcf7\" value=\"33536\" \/><input type=\"hidden\" name=\"_wpcf7_version\" value=\"6.1.3\" \/><input type=\"hidden\" name=\"_wpcf7_locale\" value=\"en_US\" \/><input type=\"hidden\" name=\"_wpcf7_unit_tag\" value=\"wpcf7-f33536-o1\" \/><input type=\"hidden\" name=\"_wpcf7_container_post\" value=\"0\" \/><input type=\"hidden\" name=\"_wpcf7_posted_data_hash\" value=\"\" \/>\n<\/fieldset>\n<h2>Informazioni personali\n<\/h2>\n<p><label> Nome<br \/>\n<span class=\"wpcf7-form-control-wrap\" data-name=\"firstname\"><input size=\"40\" maxlength=\"400\" class=\"wpcf7-form-control wpcf7-text wpcf7-validates-as-required\" autocomplete=\"firstname\" aria-required=\"true\" aria-invalid=\"false\" value=\"\" type=\"text\" name=\"firstname\" \/><\/span> <\/label>\n<\/p>\n<p><label> Cognome<br \/>\n<span class=\"wpcf7-form-control-wrap\" data-name=\"lastname\"><input size=\"40\" maxlength=\"400\" class=\"wpcf7-form-control wpcf7-text wpcf7-validates-as-required\" autocomplete=\"lastname\" aria-required=\"true\" aria-invalid=\"false\" value=\"\" type=\"text\" name=\"lastname\" \/><\/span> <\/label>\n<\/p>\n<p><label> Azienda<br \/>\n<span class=\"wpcf7-form-control-wrap\" data-name=\"company\"><input size=\"40\" maxlength=\"400\" class=\"wpcf7-form-control wpcf7-text wpcf7-validates-as-required\" autocomplete=\"company\" aria-required=\"true\" aria-invalid=\"false\" value=\"\" type=\"text\" name=\"company\" \/><\/span> <\/label>\n<\/p>\n<p><label> Email<br \/>\n<span class=\"wpcf7-form-control-wrap\" data-name=\"email\"><input size=\"40\" maxlength=\"400\" class=\"wpcf7-form-control wpcf7-email wpcf7-validates-as-required wpcf7-text wpcf7-validates-as-email\" autocomplete=\"email\" aria-required=\"true\" aria-invalid=\"false\" value=\"\" type=\"email\" name=\"email\" \/><\/span> <\/label>\n<\/p>\n<h2>Informazioni sul progetto\n<\/h2>\n<p><label> Utilizzo<br \/>\n<span class=\"wpcf7-form-control-wrap\" data-name=\"usage\"><input size=\"40\" maxlength=\"400\" class=\"wpcf7-form-control wpcf7-text wpcf7-validates-as-required\" aria-required=\"true\" aria-invalid=\"false\" value=\"\" type=\"text\" name=\"usage\" \/><\/span> <\/label>\n<\/p>\n<p><label> Scadenza<br \/>\n<span class=\"wpcf7-form-control-wrap\" data-name=\"deadline\"><input class=\"wpcf7-form-control wpcf7-date wpcf7-validates-as-required wpcf7-validates-as-date\" aria-required=\"true\" aria-invalid=\"false\" value=\"\" type=\"date\" name=\"deadline\" \/><\/span> <\/label>\n<\/p>\n<p><label> Descrizione<br \/>\n<span class=\"wpcf7-form-control-wrap\" data-name=\"description\"><textarea cols=\"40\" rows=\"10\" maxlength=\"2000\" class=\"wpcf7-form-control wpcf7-textarea wpcf7-validates-as-required\" aria-required=\"true\" aria-invalid=\"false\" name=\"description\"><\/textarea><\/span> <\/label>\n<\/p>\n<p><span class=\"wpcf7-form-control-wrap\" data-name=\"form_location\"><input size=\"40\" maxlength=\"400\" class=\"wpcf7-form-control wpcf7-text form_location\" id=\"form_location\" aria-invalid=\"false\" value=\"\" type=\"text\" name=\"form_location\" \/><\/span>\n<\/p>\n<p><input class=\"wpcf7-form-control wpcf7-submit has-spinner\" type=\"submit\" value=\"Invia\" \/>\n<\/p><div class=\"wpcf7-response-output\" aria-hidden=\"true\"><\/div>\n<\/form>\n<\/div>\n\n\n\n\n<p><\/p>\n","protected":false},"excerpt":{"rendered":"<p>Non riesci a trovare un&#8217;immagine o un footage che ti serve? Lascia che ti aiutiamo. Con milioni di contenuti che spaziano tra arte, cultura, storia e molto altro \u2014 inclusi contenuti esclusivi provenienti dai principali musei internazionali \u2014 Scala Archives \u00e8 una risorsa unica nel suo genere. Tuttavia, a volte ci\u00f2 che cerchi \u00e8 qualcosa [&hellip;]<\/p>\n","protected":false},"author":3,"featured_media":33361,"parent":0,"menu_order":0,"comment_status":"closed","ping_status":"closed","template":"","meta":{"_acf_changed":false,"footnotes":""},"class_list":["post-33575","page","type-page","status-publish","has-post-thumbnail","hentry"],"acf":[],"_links":{"self":[{"href":"https:\/\/scalarchives.com\/it\/wp-json\/wp\/v2\/pages\/33575","targetHints":{"allow":["GET"]}}],"collection":[{"href":"https:\/\/scalarchives.com\/it\/wp-json\/wp\/v2\/pages"}],"about":[{"href":"https:\/\/scalarchives.com\/it\/wp-json\/wp\/v2\/types\/page"}],"author":[{"embeddable":true,"href":"https:\/\/scalarchives.com\/it\/wp-json\/wp\/v2\/users\/3"}],"replies":[{"embeddable":true,"href":"https:\/\/scalarchives.com\/it\/wp-json\/wp\/v2\/comments?post=33575"}],"version-history":[{"count":3,"href":"https:\/\/scalarchives.com\/it\/wp-json\/wp\/v2\/pages\/33575\/revisions"}],"predecessor-version":[{"id":34177,"href":"https:\/\/scalarchives.com\/it\/wp-json\/wp\/v2\/pages\/33575\/revisions\/34177"}],"wp:featuredmedia":[{"embeddable":true,"href":"https:\/\/scalarchives.com\/it\/wp-json\/wp\/v2\/media\/33361"}],"wp:attachment":[{"href":"https:\/\/scalarchives.com\/it\/wp-json\/wp\/v2\/media?parent=33575"}],"curies":[{"name":"wp","href":"https:\/\/api.w.org\/{rel}","templated":true}]}}