{"id":33,"date":"2019-06-11T15:04:41","date_gmt":"2019-06-11T13:04:41","guid":{"rendered":"http:\/\/new.scalarchives.com\/?page_id=33"},"modified":"2026-04-22T15:06:54","modified_gmt":"2026-04-22T13:06:54","slug":"cinema","status":"publish","type":"page","link":"https:\/\/scalarchives.com\/it\/cinema\/","title":{"rendered":"Cinema"},"content":{"rendered":"\n<p>Negli anni &#8217;90 dell&#8217;Ottocento le prime immagini in movimento stupirono ed entusiasmarono gli spettatori. La tecnologia avanza rapidamente: i movimenti rappresentati diventano pi\u00f9 fluidi e, grazie al lavoro di Eugene Lauste, viene aggiunto il suono. L&#8217;attenzione del pubblico \u00e8 continuata a crescere e l&#8217;industria \u00e8 fiorita.<\/p>\n\n\n\n<p>Il video clip sottostante riassume con un&#8217;affascinante spiegazione l&#8217;esordio e lo sviluppo del cinema.<\/p>\n\n\n\n<p><\/p>\n\n\n\n<figure class=\"wp-block-embed aligncenter is-type-video is-provider-youtube wp-block-embed-youtube wp-embed-aspect-16-9 wp-has-aspect-ratio\"><div class=\"wp-block-embed__wrapper\">\n<iframe loading=\"lazy\" title=\"The IMAX of the 1890s | HOW TO SEE the First Movies\" width=\"500\" height=\"281\" src=\"https:\/\/www.youtube.com\/embed\/BBNwiPgknn8?feature=oembed\" frameborder=\"0\" allow=\"accelerometer; autoplay; clipboard-write; encrypted-media; gyroscope; picture-in-picture; web-share\" referrerpolicy=\"strict-origin-when-cross-origin\" allowfullscreen><\/iframe>\n<\/div><\/figure>\n\n\n\n<p><\/p>\n\n\n\n<p>Dal 1935 il MoMA di New York ha attentamente acquisito, restaurato e preservato rare, e a volte uniche, copie di film, creando la Film Collection e nel 1996 il Celeste Bartos Film Preservation Center. SCALA \u00e8 lieta di essere stata selezionata per concedere licenze all\u2019utilizzo di porzioni di alcuni <strong>film dalla collezione del MoMA<\/strong>. <a href=\"https:\/\/scalarchives.com\/it\/la-collezione-di-film-del-moma\/\" data-type=\"URL\">Clicca qui<\/a> per vedere esempi di film e per consultare l\u2019elenco di alcuni dei titoli gi\u00e0 digitalizzati e disponibili. Questo materiale, come tutti i contenuti audio-video, non sono disponibili online. Se non trovi quello che cerchi, chiedi una <a href=\"https:\/\/scalarchives.com\/it\/richiesta-ricerca-contenuti\/\" data-type=\"page\" data-id=\"33575\">ricerca personalizzata<\/a>.<\/p>\n\n\n\n<p><\/p>\n\n\n\n<div class=\"custom_block block_multisection four-sections\" style=\"background-image: url('')\">\n  <a class=\"single-section\" href=\"\/registi\">\n    <img decoding=\"async\" src=\"https:\/\/scalarchives.com\/wp-content\/uploads\/2019\/10\/DZ02075D-02.jpg\"\/>\n    <div class=\"single-section-title\">Registi<\/div>\n  <\/a>\n  <a class=\"single-section\" href=\"\/attori-attrici\">\n    <img decoding=\"async\" src=\"https:\/\/scalarchives.com\/wp-content\/uploads\/2021\/06\/L261053.jpg\"\/>\n    <div class=\"single-section-title\">Attori e Attrici <\/div>\n  <\/a>\n      <a class=\"single-section\" href=\"\/dietro-le-quinte\">\n      <img decoding=\"async\" src=\"https:\/\/scalarchives.com\/wp-content\/uploads\/2024\/01\/L314000-1-1.jpg\"\/>\n      <div class=\"single-section-title\">Sul Set e Dietro le Quinte<\/div>\n    <\/a>\n    <a class=\"single-section\" href=\"\/premi-cinematografici\/\">\n      <img decoding=\"async\" src=\"https:\/\/scalarchives.com\/wp-content\/uploads\/2021\/06\/X016577-resized-2.jpg\"\/>\n      <div class=\"single-section-title\">PREMI CINEMTOGRAFICI<\/div>\n    <\/a>\n        <\/div>\n\n\n<div class=\"wp-block-group\"><div class=\"wp-block-group__inner-container is-layout-flow wp-block-group-is-layout-flow\"><\/div><\/div>\n","protected":false},"excerpt":{"rendered":"<p>Negli anni &#8217;90 dell&#8217;Ottocento le prime immagini in movimento stupirono ed entusiasmarono gli spettatori. La tecnologia avanza rapidamente: i movimenti rappresentati diventano pi\u00f9 fluidi e, grazie al lavoro di Eugene Lauste, viene aggiunto il suono. L&#8217;attenzione del pubblico \u00e8 continuata a crescere e l&#8217;industria \u00e8 fiorita. Il video clip sottostante riassume con un&#8217;affascinante spiegazione l&#8217;esordio [&hellip;]<\/p>\n","protected":false},"author":1,"featured_media":20339,"parent":0,"menu_order":0,"comment_status":"closed","ping_status":"closed","template":"page-macroarea.php","meta":{"_acf_changed":false,"footnotes":""},"class_list":["post-33","page","type-page","status-publish","has-post-thumbnail","hentry"],"acf":[],"_links":{"self":[{"href":"https:\/\/scalarchives.com\/it\/wp-json\/wp\/v2\/pages\/33","targetHints":{"allow":["GET"]}}],"collection":[{"href":"https:\/\/scalarchives.com\/it\/wp-json\/wp\/v2\/pages"}],"about":[{"href":"https:\/\/scalarchives.com\/it\/wp-json\/wp\/v2\/types\/page"}],"author":[{"embeddable":true,"href":"https:\/\/scalarchives.com\/it\/wp-json\/wp\/v2\/users\/1"}],"replies":[{"embeddable":true,"href":"https:\/\/scalarchives.com\/it\/wp-json\/wp\/v2\/comments?post=33"}],"version-history":[{"count":77,"href":"https:\/\/scalarchives.com\/it\/wp-json\/wp\/v2\/pages\/33\/revisions"}],"predecessor-version":[{"id":34847,"href":"https:\/\/scalarchives.com\/it\/wp-json\/wp\/v2\/pages\/33\/revisions\/34847"}],"wp:featuredmedia":[{"embeddable":true,"href":"https:\/\/scalarchives.com\/it\/wp-json\/wp\/v2\/media\/20339"}],"wp:attachment":[{"href":"https:\/\/scalarchives.com\/it\/wp-json\/wp\/v2\/media?parent=33"}],"curies":[{"name":"wp","href":"https:\/\/api.w.org\/{rel}","templated":true}]}}