{"id":2976,"date":"2021-01-28T09:32:10","date_gmt":"2021-01-28T08:32:10","guid":{"rendered":"http:\/\/new.scalarchives.com\/?page_id=2976"},"modified":"2026-04-23T16:19:51","modified_gmt":"2026-04-23T14:19:51","slug":"editoria","status":"publish","type":"page","link":"https:\/\/scalarchives.com\/it\/editoria\/","title":{"rendered":"Editoria"},"content":{"rendered":"\n<p><\/p>\n\n\n\n<article class=\"product\">\n    <div class=\"product__inner\">\n        <div class=\"product__media\">\n                                                    <div class=\"product__thumb\">\n                    <img decoding=\"async\" src=\"https:\/\/scalarchives.com\/wp-content\/uploads\/2021\/01\/DSC_3571.jpg\" alt=\"Cataloghi per Mostre\" \/>\n                <\/div>\n                    <\/div>\n        <div class=\"product__content\">\n            <h3 class=\"product__title\">\n                Cataloghi per Mostre            <\/h3>\n            <p class=\"product__description\">\n                <p>Ogni anno vengono pubblicati innumerevoli cataloghi di mostre. Sarebbe bello fare le valigie e partire per andare a vedere tutte queste mostre, ma un catalogo stampato con cura e con riproduzioni di ottima qualit\u00e0 \u00e8 la soluzione migliore (in alternativa).<\/p>\n            <\/p>\n        <\/div>\n    <\/div>\n<\/article>\n\n\n<article class=\"product\">\n    <div class=\"product__inner\">\n        <div class=\"product__media\">\n                                                    <div class=\"product__thumb\">\n                    <img decoding=\"async\" src=\"https:\/\/scalarchives.com\/wp-content\/uploads\/2021\/01\/DSC_3549.jpg\" alt=\"Libri per commemorare anniversari speciali o eventi specifici\" \/>\n                <\/div>\n                    <\/div>\n        <div class=\"product__content\">\n            <h3 class=\"product__title\">\n                Libri per commemorare anniversari speciali o eventi specifici            <\/h3>\n            <p class=\"product__description\">\n                <p>Ogni anno numerosi progetti editoriali commemorano anniversari imminenti o eventi specifici. Tra i pi\u00f9 interessanti vi \u00e8 stata la commemorazione dei 700 anni dalla morte di Dante Alighieri, il padre della lingua italiana. Sono stati realizzati numerosi volumi, con materiale che spazia dai manoscritti medievali alle illustrazioni contemporanee della Divina Commedia. \u00c8 stato affascinante vedere quanti artisti nel corso dei secoli si siano interessati e abbiano interpretato quella famosa opera letteraria.<\/p>\n            <\/p>\n        <\/div>\n    <\/div>\n<\/article>\n\n\n<article class=\"product\">\n    <div class=\"product__inner\">\n        <div class=\"product__media\">\n                                                    <div class=\"product__thumb\">\n                    <img decoding=\"async\" src=\"https:\/\/scalarchives.com\/wp-content\/uploads\/2021\/01\/DSC_3598.jpg\" alt=\"Monografie d'artista\" \/>\n                <\/div>\n                    <\/div>\n        <div class=\"product__content\">\n            <h3 class=\"product__title\">\n                Monografie d&#8217;artista            <\/h3>\n            <p class=\"product__description\">\n                <p>Che la produzione di un artista sia stata esigua, come nel caso di Antonello da Messina, o vasta, come nel caso di Canaletto, \u00e8 possibile rintracciare tutte le immagini per creare un corpus completo. Ogni anno vengono pubblicate innumerevoli monografie e numerosi cataloghi ragionati. Gli storici dell\u2019arte che fanno parte dello staff svolgono un ruolo fondamentale nel rintracciare le opere presenti nelle collezioni private, mentre il laboratorio fotografico si occupa di realizzare eventuali dettagli per mostrare anche i dettagli pi\u00f9 piccoli ma ritenuti importanti da autori ed editori.<\/p>\n            <\/p>\n        <\/div>\n    <\/div>\n<\/article>\n\n\n<article class=\"product\">\n    <div class=\"product__inner\">\n        <div class=\"product__media\">\n                                                    <div class=\"product__thumb\">\n                    <img decoding=\"async\" src=\"https:\/\/scalarchives.com\/wp-content\/uploads\/2021\/02\/DSC_3417.jpg\" alt=\"Confezionati e raffinati\u2026 regali perfetti per ogni occasione!\" \/>\n                <\/div>\n                    <\/div>\n        <div class=\"product__content\">\n            <h3 class=\"product__title\">\n                Confezionati e raffinati\u2026 regali perfetti per ogni occasione!            <\/h3>\n            <p class=\"product__description\">\n                <p>Splendidi volumi che emergono lentamente dal loro involucro; i libri in cofanetto sembrano spesso dei piccoli tesori. Non ci si stanca mai di vederli prendere vita.<\/p>\n            <\/p>\n        <\/div>\n    <\/div>\n<\/article>\n\n\n<article class=\"product\">\n    <div class=\"product__inner\">\n        <div class=\"product__media\">\n                                                    <div class=\"product__thumb\">\n                    <img decoding=\"async\" src=\"https:\/\/scalarchives.com\/wp-content\/uploads\/2021\/01\/DSC_3600.jpg\" alt=\"Libri di pregio di grandi dimensioni\" \/>\n                <\/div>\n                    <\/div>\n        <div class=\"product__content\">\n            <h3 class=\"product__title\">\n                Libri di pregio di grandi dimensioni            <\/h3>\n            <p class=\"product__description\">\n                <p>Quando i volumi devono essere di grandi dimensioni, le immagini devono essere di qualit\u00e0 impeccabile. La possibilit\u00e0 di avvalersi dell&#8217;assistenza di un laboratorio fotografico specializzato, di ricorrere a fotocolor di grandi dimensioni o di richiedere nuovi scatti garantisce una qualit\u00e0 altissima anche per libri di formato molto grande.<\/p>\n            <\/p>\n        <\/div>\n    <\/div>\n<\/article>\n\n\n<article class=\"product\">\n    <div class=\"product__inner\">\n        <div class=\"product__media\">\n                                                    <div class=\"product__thumb\">\n                    <img decoding=\"async\" src=\"https:\/\/scalarchives.com\/wp-content\/uploads\/2021\/01\/DSC_3582.jpg\" alt=\"Copertine\" \/>\n                <\/div>\n                    <\/div>\n        <div class=\"product__content\">\n            <h3 class=\"product__title\">\n                Copertine            <\/h3>\n            <p class=\"product__description\">\n                <p>Non si pu\u00f2 giudicare un libro dalla copertina. \u00c8 vero\u2026 ma tutti desiderano comunque una copertina perfetta, che catturi l\u2019attenzione del lettore e allo stesso tempo sia in sintonia con il contenuto del volume o ne suggerisca l\u2019essenza.<\/p>\n            <\/p>\n        <\/div>\n    <\/div>\n<\/article>\n\n\n<article class=\"product\">\n    <div class=\"product__inner\">\n        <div class=\"product__media\">\n                                                    <div class=\"product__thumb\">\n                    <img decoding=\"async\" src=\"https:\/\/scalarchives.com\/wp-content\/uploads\/2021\/02\/Storia-dellarte-Corriere.jpg\" alt=\"Collezioni e Serie\" \/>\n                <\/div>\n                    <\/div>\n        <div class=\"product__content\">\n            <h3 class=\"product__title\">\n                Collezioni e Serie            <\/h3>\n            <p class=\"product__description\">\n                <p>La grande storia dell&#8217;arte o la storia del design, i grandi momenti della storia, i grandi fotografi, la storia dell&#8217;architettura o dell&#8217;arredamento: questi sono solo alcuni dei tanti temi che sono stati declinati in collane e serie. La variet\u00e0 e la ricchezza di un archivio consentono di proporre con facilit\u00e0 e rapidit\u00e0 nuovi temi e nuove serie!<\/p>\n            <\/p>\n        <\/div>\n    <\/div>\n<\/article>\n\n\n<article class=\"product\">\n    <div class=\"product__inner\">\n        <div class=\"product__media\">\n                                                    <div class=\"product__thumb\">\n                    <img decoding=\"async\" src=\"https:\/\/scalarchives.com\/wp-content\/uploads\/2021\/02\/musei-corriere.jpg\" alt=\"Collaterali ai giornali\" \/>\n                <\/div>\n                    <\/div>\n        <div class=\"product__content\">\n            <h3 class=\"product__title\">\n                Collaterali ai giornali            <\/h3>\n            <p class=\"product__description\">\n                <p>Alcune serie sono create espressamente come collaterali ai giornali, ma non sono per questo meno interessanti o belle e soprattutto hanno necessit\u00e0 di belle immagini! <\/p>\n            <\/p>\n        <\/div>\n    <\/div>\n<\/article>\n\n\n<article class=\"product\">\n    <div class=\"product__inner\">\n        <div class=\"product__media\">\n                                                    <div class=\"product__thumb\">\n                    <img decoding=\"async\" src=\"https:\/\/scalarchives.com\/wp-content\/uploads\/2021\/02\/DSC_3509.jpg\" alt=\"Riviste\" \/>\n                <\/div>\n                    <\/div>\n        <div class=\"product__content\">\n            <h3 class=\"product__title\">\n                Riviste            <\/h3>\n            <p class=\"product__description\">\n                <p>Dalle riviste d&#8217;arte dei musei a quelle di attualit\u00e0, dalle testate destinate al grande pubblico a quelle specializzate, dagli Stati Uniti al Giappone\u2026 una variet\u00e0 di contenuti sbalorditiva!<\/p>\n            <\/p>\n        <\/div>\n    <\/div>\n<\/article>\n\n\n<article class=\"product\">\n    <div class=\"product__inner\">\n        <div class=\"product__media\">\n                                                    <div class=\"product__thumb\">\n                    <img decoding=\"async\" src=\"https:\/\/scalarchives.com\/wp-content\/uploads\/2021\/02\/DSC_3751.jpg\" alt=\"Cataloghi - Case d'aste\" \/>\n                <\/div>\n                    <\/div>\n        <div class=\"product__content\">\n            <h3 class=\"product__title\">\n                Cataloghi &#8211; Case d&#8217;aste            <\/h3>\n            <p class=\"product__description\">\n                <p>Le opere d&#8217;arte provenienti da collezioni e musei noti costituiscono talvolta un valido termine di paragone rispetto a quelle messe all&#8217;asta. Aiutano a illustrare visivamente le somiglianze, a chiarire la cronologia e a completare le informazioni fornite ai lettori e agli acquirenti.<\/p>\n            <\/p>\n        <\/div>\n    <\/div>\n<\/article>\n\n\n<article class=\"product\">\n    <div class=\"product__inner\">\n        <div class=\"product__media\">\n                                                    <div class=\"product__thumb\">\n                    <img decoding=\"async\" src=\"https:\/\/scalarchives.com\/wp-content\/uploads\/2021\/01\/DSC_3534.jpg\" alt=\"Libri e Riviste per Bambini\" \/>\n                <\/div>\n                    <\/div>\n        <div class=\"product__content\">\n            <h3 class=\"product__title\">\n                Libri e Riviste per Bambini            <\/h3>\n            <p class=\"product__description\">\n                <p>Non tutto \u00e8 gioco e divertimento. Dietro i libri e le riviste per bambini, spesso allegri e colorati, si cela il duro lavoro e la responsabilit\u00e0. Coinvolgere e attirare i bambini nei vari mondi raffigurati \u00e8 la chiave per guidarli lungo il percorso per diventare lettori e fornire gli strumenti per diventare adulti sani a tutto tondo.<\/p>\n            <\/p>\n        <\/div>\n    <\/div>\n<\/article>\n\n\n<article class=\"product\">\n    <div class=\"product__inner\">\n        <div class=\"product__media\">\n                                                    <div class=\"product__thumb\">\n                    <img decoding=\"async\" src=\"https:\/\/scalarchives.com\/wp-content\/uploads\/2021\/01\/DSC_3526.jpg\" alt=\"Di nuovo a scuola! Libri di testo per tutte le et\u00e0\" \/>\n                <\/div>\n                    <\/div>\n        <div class=\"product__content\">\n            <h3 class=\"product__title\">\n                Di nuovo a scuola! Libri di testo per tutte le et\u00e0            <\/h3>\n            <p class=\"product__description\">\n                <p>Ogni anno vengono utilizzate decine di migliaia di immagini per illustrare i libri scolastici tradizionali; altrettanti <a href=\/audio-e-video\/?lang=it>clip video e audio<\/a> che trattano arte e storia sono disponibili anche per le versioni digitali dei libri di testo e delle piattaforme educative. <\/p>\n            <\/p>\n        <\/div>\n    <\/div>\n<\/article>\n\n\n<article class=\"product\">\n    <div class=\"product__inner\">\n        <div class=\"product__media\">\n                                                    <div class=\"product__thumb\">\n                    <img decoding=\"async\" src=\"https:\/\/scalarchives.com\/wp-content\/uploads\/2021\/03\/Adesivi-per-sito-DSC_3400.jpg\" alt=\"Album di figurine\" \/>\n                <\/div>\n                    <\/div>\n        <div class=\"product__content\">\n            <h3 class=\"product__title\">\n                Album di figurine            <\/h3>\n            <p class=\"product__description\">\n                <p>Solo perch\u00e9 sono libri di figurine non significa che non possano avere anche un valore altamente educativo! Abbiamo visto alcuni esempi fantastici.<\/p>\n            <\/p>\n        <\/div>\n    <\/div>\n<\/article>\n\n<div class=\"custom_block block_titletext-inline\">\n  <div class=\"wrapper\">\n    <div class=\"red_title section_title\">Ultimi progetti<\/div>\n    <div class=\"block_tti_text\"><p>Di seguito una selezione degli ultimi progetti che hanno utilizzato le immagini Scala.<\/p>\n<\/div>\n  <\/div>\n<\/div>\n\n<div class=\"custom_block block_gallery-slider\">\n\n            <div class=\"block_gallery-slider__item\">\n            <a href=\"https:\/\/scalarchives.com\/wp-content\/uploads\/2026\/03\/Barbero_Cover_Laterza.jpg\" data-fancybox=\"gallery\" data-caption=\"\">\n                <img decoding=\"async\" src=\"https:\/\/scalarchives.com\/wp-content\/uploads\/2026\/03\/Barbero_Cover_Laterza.jpg\" alt=\"\" \/>\n            <\/a>\n        <\/div>\n            <div class=\"block_gallery-slider__item\">\n            <a href=\"https:\/\/scalarchives.com\/wp-content\/uploads\/2026\/03\/Cover_Cazzullo.jpg\" data-fancybox=\"gallery\" data-caption=\"\">\n                <img decoding=\"async\" src=\"https:\/\/scalarchives.com\/wp-content\/uploads\/2026\/03\/Cover_Cazzullo-768x1152.jpg\" alt=\"\" \/>\n            <\/a>\n        <\/div>\n            <div class=\"block_gallery-slider__item\">\n            <a href=\"https:\/\/scalarchives.com\/wp-content\/uploads\/2026\/03\/Il-Mulino_Cover2.jpg\" data-fancybox=\"gallery\" data-caption=\"\">\n                <img decoding=\"async\" src=\"https:\/\/scalarchives.com\/wp-content\/uploads\/2026\/03\/Il-Mulino_Cover2.jpg\" alt=\"\" \/>\n            <\/a>\n        <\/div>\n            <div class=\"block_gallery-slider__item\">\n            <a href=\"https:\/\/scalarchives.com\/wp-content\/uploads\/2026\/03\/Cover-El-Angel-de-la-Inteligencia-Artificila.jpg\" data-fancybox=\"gallery\" data-caption=\"\">\n                <img decoding=\"async\" src=\"https:\/\/scalarchives.com\/wp-content\/uploads\/2026\/03\/Cover-El-Angel-de-la-Inteligencia-Artificila-768x1266.jpg\" alt=\"\" \/>\n            <\/a>\n        <\/div>\n            <div class=\"block_gallery-slider__item\">\n            <a href=\"https:\/\/scalarchives.com\/wp-content\/uploads\/2026\/03\/Il-Mulino_cover.jpg\" data-fancybox=\"gallery\" data-caption=\"\">\n                <img decoding=\"async\" src=\"https:\/\/scalarchives.com\/wp-content\/uploads\/2026\/03\/Il-Mulino_cover.jpg\" alt=\"\" \/>\n            <\/a>\n        <\/div>\n            <div class=\"block_gallery-slider__item\">\n            <a href=\"https:\/\/scalarchives.com\/wp-content\/uploads\/2026\/03\/Marsilio_Fogazzaro_2026.jpg\" data-fancybox=\"gallery\" data-caption=\"\">\n                <img decoding=\"async\" src=\"https:\/\/scalarchives.com\/wp-content\/uploads\/2026\/03\/Marsilio_Fogazzaro_2026.jpg\" alt=\"\" \/>\n            <\/a>\n        <\/div>\n            <div class=\"block_gallery-slider__item\">\n            <a href=\"https:\/\/scalarchives.com\/wp-content\/uploads\/2026\/02\/Cover_Giunti.jpg\" data-fancybox=\"gallery\" data-caption=\"\">\n                <img decoding=\"async\" src=\"https:\/\/scalarchives.com\/wp-content\/uploads\/2026\/02\/Cover_Giunti.jpg\" alt=\"\" \/>\n            <\/a>\n        <\/div>\n            <div class=\"block_gallery-slider__item\">\n            <a href=\"https:\/\/scalarchives.com\/wp-content\/uploads\/2026\/02\/Electa_Catalogo-Carrington_cover-e-backcover.png\" data-fancybox=\"gallery\" data-caption=\"\">\n                <img decoding=\"async\" src=\"https:\/\/scalarchives.com\/wp-content\/uploads\/2026\/02\/Electa_Catalogo-Carrington_cover-e-backcover-768x505.png\" alt=\"\" \/>\n            <\/a>\n        <\/div>\n            <div class=\"block_gallery-slider__item\">\n            <a href=\"https:\/\/scalarchives.com\/wp-content\/uploads\/2026\/02\/Lea-Ypi_aufrecht_9783518432624_cover.jpg\" data-fancybox=\"gallery\" data-caption=\"\">\n                <img decoding=\"async\" src=\"https:\/\/scalarchives.com\/wp-content\/uploads\/2026\/02\/Lea-Ypi_aufrecht_9783518432624_cover-768x1218.jpg\" alt=\"\" \/>\n            <\/a>\n        <\/div>\n            <div class=\"block_gallery-slider__item\">\n            <a href=\"https:\/\/scalarchives.com\/wp-content\/uploads\/2026\/02\/LA-FOGLIA-DORO-B1_150dpi_RGB-1-4eca539c.webp\" data-fancybox=\"gallery\" data-caption=\"\">\n                <img decoding=\"async\" src=\"https:\/\/scalarchives.com\/wp-content\/uploads\/2026\/02\/LA-FOGLIA-DORO-B1_150dpi_RGB-1-4eca539c-768x935.webp\" alt=\"\" \/>\n            <\/a>\n        <\/div>\n            <div class=\"block_gallery-slider__item\">\n            <a href=\"https:\/\/scalarchives.com\/wp-content\/uploads\/2026\/02\/Picasso_Malaga.jpg\" data-fancybox=\"gallery\" data-caption=\"\">\n                <img decoding=\"async\" src=\"https:\/\/scalarchives.com\/wp-content\/uploads\/2026\/02\/Picasso_Malaga-768x1083.jpg\" alt=\"\" \/>\n            <\/a>\n        <\/div>\n            <div class=\"block_gallery-slider__item\">\n            <a href=\"https:\/\/scalarchives.com\/wp-content\/uploads\/2026\/02\/mayer_cover-scaled-1.webp\" data-fancybox=\"gallery\" data-caption=\"\">\n                <img decoding=\"async\" src=\"https:\/\/scalarchives.com\/wp-content\/uploads\/2026\/02\/mayer_cover-scaled-1-768x1211.webp\" alt=\"\" \/>\n            <\/a>\n        <\/div>\n            <div class=\"block_gallery-slider__item\">\n            <a href=\"https:\/\/scalarchives.com\/wp-content\/uploads\/2025\/10\/9780241729083_DogsGaze_JKT-cover-back-cover.jpg\" data-fancybox=\"gallery\" data-caption=\"\">\n                <img decoding=\"async\" src=\"https:\/\/scalarchives.com\/wp-content\/uploads\/2025\/10\/9780241729083_DogsGaze_JKT-cover-back-cover-768x320.jpg\" alt=\"\" \/>\n            <\/a>\n        <\/div>\n            <div class=\"block_gallery-slider__item\">\n            <a href=\"https:\/\/scalarchives.com\/wp-content\/uploads\/2025\/10\/Irene-Sola-Et-vaig-donar-ulls-i-vas-mirar-les-tenebres_cover-_Catalan-version-scaled.jpg\" data-fancybox=\"gallery\" data-caption=\"\">\n                <img decoding=\"async\" src=\"https:\/\/scalarchives.com\/wp-content\/uploads\/2025\/10\/Irene-Sola-Et-vaig-donar-ulls-i-vas-mirar-les-tenebres_cover-_Catalan-version-768x1241.jpg\" alt=\"\" \/>\n            <\/a>\n        <\/div>\n            <div class=\"block_gallery-slider__item\">\n            <a href=\"https:\/\/scalarchives.com\/wp-content\/uploads\/2025\/10\/Beginning-to-Live-cover.jpg\" data-fancybox=\"gallery\" data-caption=\"\">\n                <img decoding=\"async\" src=\"https:\/\/scalarchives.com\/wp-content\/uploads\/2025\/10\/Beginning-to-Live-cover-768x520.jpg\" alt=\"\" \/>\n            <\/a>\n        <\/div>\n            <div class=\"block_gallery-slider__item\">\n            <a href=\"https:\/\/scalarchives.com\/wp-content\/uploads\/2025\/10\/i__id14948_mw1000__1x-1.jpg\" data-fancybox=\"gallery\" data-caption=\"\">\n                <img decoding=\"async\" src=\"https:\/\/scalarchives.com\/wp-content\/uploads\/2025\/10\/i__id14948_mw1000__1x-1-768x1200.jpg\" alt=\"\" \/>\n            <\/a>\n        <\/div>\n            <div class=\"block_gallery-slider__item\">\n            <a href=\"https:\/\/scalarchives.com\/wp-content\/uploads\/2025\/10\/i__id14946_mw1000__1x-1.jpg\" data-fancybox=\"gallery\" data-caption=\"\">\n                <img decoding=\"async\" src=\"https:\/\/scalarchives.com\/wp-content\/uploads\/2025\/10\/i__id14946_mw1000__1x-1-768x1207.jpg\" alt=\"\" \/>\n            <\/a>\n        <\/div>\n            <div class=\"block_gallery-slider__item\">\n            <a href=\"https:\/\/scalarchives.com\/wp-content\/uploads\/2025\/10\/BaroccoGlobale_galleriaborghese_sitoweb_News_1080x1350.jpg\" data-fancybox=\"gallery\" data-caption=\"\">\n                <img decoding=\"async\" src=\"https:\/\/scalarchives.com\/wp-content\/uploads\/2025\/10\/BaroccoGlobale_galleriaborghese_sitoweb_News_1080x1350-768x960.jpg\" alt=\"\" \/>\n            <\/a>\n        <\/div>\n            <div class=\"block_gallery-slider__item\">\n            <a href=\"https:\/\/scalarchives.com\/wp-content\/uploads\/2025\/10\/i__id14840_mw1000__1x-1.jpg\" data-fancybox=\"gallery\" data-caption=\"\">\n                <img decoding=\"async\" src=\"https:\/\/scalarchives.com\/wp-content\/uploads\/2025\/10\/i__id14840_mw1000__1x-1-768x1207.jpg\" alt=\"\" \/>\n            <\/a>\n        <\/div>\n            <div class=\"block_gallery-slider__item\">\n            <a href=\"https:\/\/scalarchives.com\/wp-content\/uploads\/2026\/01\/9780567706539-1.jpg\" data-fancybox=\"gallery\" data-caption=\"\">\n                <img decoding=\"async\" src=\"https:\/\/scalarchives.com\/wp-content\/uploads\/2026\/01\/9780567706539-1.jpg\" alt=\"\" \/>\n            <\/a>\n        <\/div>\n            <div class=\"block_gallery-slider__item\">\n            <a href=\"https:\/\/scalarchives.com\/wp-content\/uploads\/2026\/01\/4ad7db86-0e04-4e2e-866a-d4b6136e835f.jpg\" data-fancybox=\"gallery\" data-caption=\"\">\n                <img decoding=\"async\" src=\"https:\/\/scalarchives.com\/wp-content\/uploads\/2026\/01\/4ad7db86-0e04-4e2e-866a-d4b6136e835f.jpg\" alt=\"\" \/>\n            <\/a>\n        <\/div>\n            <div class=\"block_gallery-slider__item\">\n            <a href=\"https:\/\/scalarchives.com\/wp-content\/uploads\/2026\/01\/e64d1ccf-426d-44b9-a56c-abb6d18a4cdf.jpg\" data-fancybox=\"gallery\" data-caption=\"\">\n                <img decoding=\"async\" src=\"https:\/\/scalarchives.com\/wp-content\/uploads\/2026\/01\/e64d1ccf-426d-44b9-a56c-abb6d18a4cdf.jpg\" alt=\"\" \/>\n            <\/a>\n        <\/div>\n    \n<\/div>\n","protected":false},"excerpt":{"rendered":"","protected":false},"author":3,"featured_media":3013,"parent":0,"menu_order":0,"comment_status":"closed","ping_status":"closed","template":"","meta":{"_acf_changed":false,"footnotes":""},"class_list":["post-2976","page","type-page","status-publish","has-post-thumbnail","hentry"],"acf":[],"_links":{"self":[{"href":"https:\/\/scalarchives.com\/it\/wp-json\/wp\/v2\/pages\/2976","targetHints":{"allow":["GET"]}}],"collection":[{"href":"https:\/\/scalarchives.com\/it\/wp-json\/wp\/v2\/pages"}],"about":[{"href":"https:\/\/scalarchives.com\/it\/wp-json\/wp\/v2\/types\/page"}],"author":[{"embeddable":true,"href":"https:\/\/scalarchives.com\/it\/wp-json\/wp\/v2\/users\/3"}],"replies":[{"embeddable":true,"href":"https:\/\/scalarchives.com\/it\/wp-json\/wp\/v2\/comments?post=2976"}],"version-history":[{"count":27,"href":"https:\/\/scalarchives.com\/it\/wp-json\/wp\/v2\/pages\/2976\/revisions"}],"predecessor-version":[{"id":34907,"href":"https:\/\/scalarchives.com\/it\/wp-json\/wp\/v2\/pages\/2976\/revisions\/34907"}],"wp:featuredmedia":[{"embeddable":true,"href":"https:\/\/scalarchives.com\/it\/wp-json\/wp\/v2\/media\/3013"}],"wp:attachment":[{"href":"https:\/\/scalarchives.com\/it\/wp-json\/wp\/v2\/media?parent=2976"}],"curies":[{"name":"wp","href":"https:\/\/api.w.org\/{rel}","templated":true}]}}