{"id":21487,"date":"2022-09-09T15:14:04","date_gmt":"2022-09-09T13:14:04","guid":{"rendered":"https:\/\/new.scalarchives.com\/?page_id=21487"},"modified":"2022-09-12T12:19:11","modified_gmt":"2022-09-12T10:19:11","slug":"nouveau-site-scala","status":"publish","type":"page","link":"https:\/\/scalarchives.com\/it\/nouveau-site-scala\/","title":{"rendered":"Nouveau site Scala"},"content":{"rendered":"\n<p>Notre nouveau site web a \u00e9t\u00e9 lanc\u00e9 le 26 septembre 2022. Deux versions linguistiques sont actuellement disponibles : l&#8217;Italien et l&#8217;Anglais.<\/p>\n\n\n\n<p>Pour le moment, la recherche en Anglais donnera des r\u00e9sultats plus pertinents et vous pourrez trouver plus de contenus pour illustrer vos projets. Pour toute question ou aide \u00e0 la recherche, nos Iconos sont plus que jamais pr\u00eats \u00e0 vous aider dans votre propre langue.<\/p>\n\n\n\n<p>Si vous avez des commentaires ou des suggestions, nous serons heureux de les recevoir. Tous les conseils de ceux qui consultent notre site nous sont tr\u00e8s pr\u00e9cieux.<\/p>\n\n\n\n<p><strong>SCALA PARLE FRAN\u00c7AIS<\/strong><br>Tel: +39 055 62 33 205 \/ +39 055 62 33 265<br><a href=\"mailto:paris@scalarchives.com\">paris@scalarchives.com<\/a><\/p>\n\n\n\n<div style=\"height:60px\" aria-hidden=\"true\" class=\"wp-block-spacer\"><\/div>\n","protected":false},"excerpt":{"rendered":"<p>Notre nouveau site web a \u00e9t\u00e9 lanc\u00e9 le 26 septembre 2022. Deux versions linguistiques sont actuellement disponibles : l&#8217;Italien et l&#8217;Anglais. Pour le moment, la recherche en Anglais donnera des r\u00e9sultats plus pertinents et vous pourrez trouver plus de contenus pour illustrer vos projets. Pour toute question ou aide \u00e0 la recherche, nos Iconos sont [&hellip;]<\/p>\n","protected":false},"author":1,"featured_media":21556,"parent":0,"menu_order":0,"comment_status":"closed","ping_status":"closed","template":"","meta":{"_acf_changed":false,"footnotes":""},"class_list":["post-21487","page","type-page","status-publish","has-post-thumbnail","hentry"],"acf":[],"_links":{"self":[{"href":"https:\/\/scalarchives.com\/it\/wp-json\/wp\/v2\/pages\/21487","targetHints":{"allow":["GET"]}}],"collection":[{"href":"https:\/\/scalarchives.com\/it\/wp-json\/wp\/v2\/pages"}],"about":[{"href":"https:\/\/scalarchives.com\/it\/wp-json\/wp\/v2\/types\/page"}],"author":[{"embeddable":true,"href":"https:\/\/scalarchives.com\/it\/wp-json\/wp\/v2\/users\/1"}],"replies":[{"embeddable":true,"href":"https:\/\/scalarchives.com\/it\/wp-json\/wp\/v2\/comments?post=21487"}],"version-history":[{"count":3,"href":"https:\/\/scalarchives.com\/it\/wp-json\/wp\/v2\/pages\/21487\/revisions"}],"predecessor-version":[{"id":21565,"href":"https:\/\/scalarchives.com\/it\/wp-json\/wp\/v2\/pages\/21487\/revisions\/21565"}],"wp:featuredmedia":[{"embeddable":true,"href":"https:\/\/scalarchives.com\/it\/wp-json\/wp\/v2\/media\/21556"}],"wp:attachment":[{"href":"https:\/\/scalarchives.com\/it\/wp-json\/wp\/v2\/media?parent=21487"}],"curies":[{"name":"wp","href":"https:\/\/api.w.org\/{rel}","templated":true}]}}