{"id":21484,"date":"2022-09-09T15:12:52","date_gmt":"2022-09-09T13:12:52","guid":{"rendered":"https:\/\/new.scalarchives.com\/?page_id=21484"},"modified":"2022-09-12T12:18:39","modified_gmt":"2022-09-12T10:18:39","slug":"nuevo-sitio-web-scala-es-importante-saber","status":"publish","type":"page","link":"https:\/\/scalarchives.com\/it\/nuevo-sitio-web-scala-es-importante-saber\/","title":{"rendered":"&#8220;Nuevo sitio web Scala&#8221; es importante saber"},"content":{"rendered":"\n<p>Nuestro nuevo sitio web se lanz\u00f3 el 26 de septiembre de 2022. Actualmente hay dos versiones ling\u00fc\u00edsticas disponibles: Italiano e Ingl\u00e9s.<\/p>\n\n\n\n<p>De momento, si haces las b\u00fasquedas en ingl\u00e9s habr\u00e1s resultados m\u00e1s relevantes y podr\u00e1s encontrar m\u00e1s contenidos para tus proyectos. Para cualquier pregunta o asistencia de b\u00fasqueda iconografica, nuestros comerciales quedan a tu disposici\u00f3n contest\u00e1ndote en Espa\u00f1ol.<\/p>\n\n\n\n<p>Si tienes alg\u00fan comentario o sugerencia, estaremos encantados de recibirlos. Todos los consejos de quien consulta nuestro sitio es muy importante para nosotros.<\/p>\n\n\n\n<p><strong>SCALA HABLA ESPA\u00d1OL<\/strong><br><strong>Tel: +39 055 62 33 252<\/strong><br><a href=\"mailto:espana@scalarchives.com\" class=\"rank-math-link\">espana@scalarchives.com<\/a><\/p>\n\n\n\n<div style=\"height:60px\" aria-hidden=\"true\" class=\"wp-block-spacer\"><\/div>\n","protected":false},"excerpt":{"rendered":"<p>Nuestro nuevo sitio web se lanz\u00f3 el 26 de septiembre de 2022. Actualmente hay dos versiones ling\u00fc\u00edsticas disponibles: Italiano e Ingl\u00e9s. De momento, si haces las b\u00fasquedas en ingl\u00e9s habr\u00e1s resultados m\u00e1s relevantes y podr\u00e1s encontrar m\u00e1s contenidos para tus proyectos. Para cualquier pregunta o asistencia de b\u00fasqueda iconografica, nuestros comerciales quedan a tu disposici\u00f3n [&hellip;]<\/p>\n","protected":false},"author":1,"featured_media":21560,"parent":0,"menu_order":0,"comment_status":"closed","ping_status":"closed","template":"","meta":{"_acf_changed":false,"footnotes":""},"class_list":["post-21484","page","type-page","status-publish","has-post-thumbnail","hentry"],"acf":[],"_links":{"self":[{"href":"https:\/\/scalarchives.com\/it\/wp-json\/wp\/v2\/pages\/21484","targetHints":{"allow":["GET"]}}],"collection":[{"href":"https:\/\/scalarchives.com\/it\/wp-json\/wp\/v2\/pages"}],"about":[{"href":"https:\/\/scalarchives.com\/it\/wp-json\/wp\/v2\/types\/page"}],"author":[{"embeddable":true,"href":"https:\/\/scalarchives.com\/it\/wp-json\/wp\/v2\/users\/1"}],"replies":[{"embeddable":true,"href":"https:\/\/scalarchives.com\/it\/wp-json\/wp\/v2\/comments?post=21484"}],"version-history":[{"count":2,"href":"https:\/\/scalarchives.com\/it\/wp-json\/wp\/v2\/pages\/21484\/revisions"}],"predecessor-version":[{"id":21564,"href":"https:\/\/scalarchives.com\/it\/wp-json\/wp\/v2\/pages\/21484\/revisions\/21564"}],"wp:featuredmedia":[{"embeddable":true,"href":"https:\/\/scalarchives.com\/it\/wp-json\/wp\/v2\/media\/21560"}],"wp:attachment":[{"href":"https:\/\/scalarchives.com\/it\/wp-json\/wp\/v2\/media?parent=21484"}],"curies":[{"name":"wp","href":"https:\/\/api.w.org\/{rel}","templated":true}]}}