{"id":208,"date":"2019-10-15T12:06:06","date_gmt":"2019-10-15T10:06:06","guid":{"rendered":"http:\/\/new.scalarchives.com\/?page_id=208"},"modified":"2026-04-13T14:47:00","modified_gmt":"2026-04-13T12:47:00","slug":"moda","status":"publish","type":"page","link":"https:\/\/scalarchives.com\/it\/moda\/","title":{"rendered":"Moda"},"content":{"rendered":"\n<p>La moda attraverso i secoli \u00e8 un affascinante riflesso della societ\u00e0. <\/p>\n\n\n\n<p>Dagli schizzi, ai tessuti, alle foto storiche di artigiani o negozi pi\u00f9 industriali, ad abiti, scarpe e accessori, a servizi di moda e sfilate\u2026 la variet\u00e0 di contenuti disponibili nell&#8217;archivio SCALA legati al mondo della moda \u00e8 sbalorditiva. Qui di seguito una piccola selezione di alcuni dei temi principali. <\/p>\n\n\n\n<div class=\"custom_block block_multisection four-sections\" style=\"background-image: url('')\">\n  <a class=\"single-section\" href=\"\/foto-alta-moda-e-stilisti\">\n    <img decoding=\"async\" src=\"https:\/\/scalarchives.com\/wp-content\/uploads\/2020\/06\/stilisti.jpg\"\/>\n    <div class=\"single-section-title\">Alta moda e stilisti<\/div>\n  <\/a>\n  <a class=\"single-section\" href=\"\/sfilate-e-foto-shoot\">\n    <img decoding=\"async\" src=\"https:\/\/scalarchives.com\/wp-content\/uploads\/2019\/10\/VA00194D-02.jpg\"\/>\n    <div class=\"single-section-title\">Sfilate e foto shoot<\/div>\n  <\/a>\n      <a class=\"single-section\" href=\"\/abiti-e-accessori\">\n      <img decoding=\"async\" src=\"https:\/\/scalarchives.com\/wp-content\/uploads\/2019\/10\/ME07630D-02.jpg\"\/>\n      <div class=\"single-section-title\">Accessori<\/div>\n    <\/a>\n    <a class=\"single-section\" href=\"\/costumi-e-bozzetti\">\n      <img decoding=\"async\" src=\"https:\/\/scalarchives.com\/wp-content\/uploads\/2020\/06\/costumi-bozzetti.jpg\"\/>\n      <div class=\"single-section-title\">Costumi e bozzetti<\/div>\n    <\/a>\n        <\/div>\n\n\n<p>Le immagini dell\u2019archivio SCALA sono state recentemente utilizzate da molti <a href=\"http:\/\/new.scalarchives.com\/moda-e-accessori\/\" data-type=\"page\" data-id=\"2461\">brand nel settore della moda per creare prodotti unici<\/a>. <\/p>\n\n\n\n<p><a href=\"https:\/\/scalarchives.com\/it\/contatti\/\" data-type=\"page\" data-id=\"17\">Contatta<\/a> SCALA se anche tu desideri utilizzare questi o altri contenuti per realizzare i tuoi prodotti di moda.<\/p>\n\n\n\n<p><\/p>\n","protected":false},"excerpt":{"rendered":"<p>La moda attraverso i secoli \u00e8 un affascinante riflesso della societ\u00e0. Dagli schizzi, ai tessuti, alle foto storiche di artigiani o negozi pi\u00f9 industriali, ad abiti, scarpe e accessori, a servizi di moda e sfilate\u2026 la variet\u00e0 di contenuti disponibili nell&#8217;archivio SCALA legati al mondo della moda \u00e8 sbalorditiva. Qui di seguito una piccola selezione [&hellip;]<\/p>\n","protected":false},"author":1,"featured_media":7362,"parent":0,"menu_order":0,"comment_status":"closed","ping_status":"closed","template":"page-macroarea.php","meta":{"_acf_changed":false,"footnotes":""},"class_list":["post-208","page","type-page","status-publish","has-post-thumbnail","hentry"],"acf":[],"_links":{"self":[{"href":"https:\/\/scalarchives.com\/it\/wp-json\/wp\/v2\/pages\/208","targetHints":{"allow":["GET"]}}],"collection":[{"href":"https:\/\/scalarchives.com\/it\/wp-json\/wp\/v2\/pages"}],"about":[{"href":"https:\/\/scalarchives.com\/it\/wp-json\/wp\/v2\/types\/page"}],"author":[{"embeddable":true,"href":"https:\/\/scalarchives.com\/it\/wp-json\/wp\/v2\/users\/1"}],"replies":[{"embeddable":true,"href":"https:\/\/scalarchives.com\/it\/wp-json\/wp\/v2\/comments?post=208"}],"version-history":[{"count":14,"href":"https:\/\/scalarchives.com\/it\/wp-json\/wp\/v2\/pages\/208\/revisions"}],"predecessor-version":[{"id":34658,"href":"https:\/\/scalarchives.com\/it\/wp-json\/wp\/v2\/pages\/208\/revisions\/34658"}],"wp:featuredmedia":[{"embeddable":true,"href":"https:\/\/scalarchives.com\/it\/wp-json\/wp\/v2\/media\/7362"}],"wp:attachment":[{"href":"https:\/\/scalarchives.com\/it\/wp-json\/wp\/v2\/media?parent=208"}],"curies":[{"name":"wp","href":"https:\/\/api.w.org\/{rel}","templated":true}]}}