{"id":154,"date":"2019-06-13T17:04:22","date_gmt":"2019-06-13T15:04:22","guid":{"rendered":"http:\/\/new.scalarchives.com\/?page_id=154"},"modified":"2026-03-25T17:09:09","modified_gmt":"2026-03-25T16:09:09","slug":"team","status":"publish","type":"page","link":"https:\/\/scalarchives.com\/it\/team\/","title":{"rendered":"SCALA &#8211; Le persone"},"content":{"rendered":"\n<p>Dietro i contenuti SCALA ci sono le persone.&nbsp;<\/p>\n\n\n\n<p>Una squadra di ricercatrici e ricercatori esperti e multilingue, in grado di offrire competenza, rapidit\u00e0, ricerche storico-artistiche su misura, consulenza sui diritti e anche supporto nello sviluppo di nuove idee per piani editoriali e progetti creativi.<\/p>\n\n\n\n<p>I tecnici del laboratorio fotografico rappresentano, inoltre, un valore aggiunto in termini di qualit\u00e0 e professionalit\u00e0. Il laboratorio fotografico \u00e8 dotato dei pi\u00f9 moderni sistemi informatici per lo sviluppo, la duplicazione, la correzione e il restauro dei fotocolor e dei file digitali.&nbsp;Sempre disponibili ad ascoltare le necessit\u00e0 di coloro che chiedono i contenuti dell&#8217;archivio SCALA, mettono a disposizione le competenze tecniche per soddisfare al meglio tutte le richieste. Riproduzioni in grande formato. Ingrandimenti. Controllo del colore. File ad altissima definizione.&nbsp;<\/p>\n\n\n\n<p>Il team \u00e8 sempre disponibile per fornire assistenza e soddisfare al meglio le esigenze di tutti: dalla ricerca iconografica e consulenza sui diritti al reperimento di file per riproduzioni in vari formati, creazione di dettagli specifici e controllo cromatico, fino alla realizzazioni di servizi fotografici ad hoc.<\/p>\n","protected":false},"excerpt":{"rendered":"<p>Dietro i contenuti SCALA ci sono le persone.&nbsp; Una squadra di ricercatrici e ricercatori esperti e multilingue, in grado di offrire competenza, rapidit\u00e0, ricerche storico-artistiche su misura, consulenza sui diritti e anche supporto nello sviluppo di nuove idee per piani editoriali e progetti creativi. I tecnici del laboratorio fotografico rappresentano, inoltre, un valore aggiunto in [&hellip;]<\/p>\n","protected":false},"author":1,"featured_media":9042,"parent":0,"menu_order":0,"comment_status":"closed","ping_status":"closed","template":"","meta":{"_acf_changed":false,"footnotes":""},"class_list":["post-154","page","type-page","status-publish","has-post-thumbnail","hentry"],"acf":[],"_links":{"self":[{"href":"https:\/\/scalarchives.com\/it\/wp-json\/wp\/v2\/pages\/154","targetHints":{"allow":["GET"]}}],"collection":[{"href":"https:\/\/scalarchives.com\/it\/wp-json\/wp\/v2\/pages"}],"about":[{"href":"https:\/\/scalarchives.com\/it\/wp-json\/wp\/v2\/types\/page"}],"author":[{"embeddable":true,"href":"https:\/\/scalarchives.com\/it\/wp-json\/wp\/v2\/users\/1"}],"replies":[{"embeddable":true,"href":"https:\/\/scalarchives.com\/it\/wp-json\/wp\/v2\/comments?post=154"}],"version-history":[{"count":30,"href":"https:\/\/scalarchives.com\/it\/wp-json\/wp\/v2\/pages\/154\/revisions"}],"predecessor-version":[{"id":34419,"href":"https:\/\/scalarchives.com\/it\/wp-json\/wp\/v2\/pages\/154\/revisions\/34419"}],"wp:featuredmedia":[{"embeddable":true,"href":"https:\/\/scalarchives.com\/it\/wp-json\/wp\/v2\/media\/9042"}],"wp:attachment":[{"href":"https:\/\/scalarchives.com\/it\/wp-json\/wp\/v2\/media?parent=154"}],"curies":[{"name":"wp","href":"https:\/\/api.w.org\/{rel}","templated":true}]}}